{"id":9502,"date":"2021-11-11T13:18:43","date_gmt":"2021-11-11T12:18:43","guid":{"rendered":"https:\/\/intact-systems.com\/?page_id=9502"},"modified":"2021-11-11T14:53:33","modified_gmt":"2021-11-11T13:53:33","slug":"webinar-audit-compliance-data","status":"publish","type":"page","link":"https:\/\/intact-systems.com\/de\/webinar-audit-compliance-data\/","title":{"rendered":"Webinar Audit &#038; Compliance Data"},"content":{"rendered":"\n\n\n<section class=\"module module-text my-module-md \" id=\"module-69edab062362f\" >       <div class=\"container\">\n      <div class=\"row justify-content-center\">\n        <div class=\"col-md-10 col-lg-8 text-col\">\n          \n<div class=\"wp-block-intact-text  text-styles\">\n<p><\/p>\n\n\n\n<h1 class=\"wp-block-heading\">On-Demand Webinar: Machen Sie mehr aus Ihren Audit und Compliance Daten<\/h1>\n\n\n\n<p><\/p>\n\n\n\n<p>Dieses kostenlose On-Demand Webinar pr\u00e4sentiert Ihnen einen neuen, revolution\u00e4ren Ansatz, Audit und Compliance Daten zu analysieren und sie zu nutzen, um Integrit\u00e4t, Sicherheit und Qualit\u00e4t nachhaltig zu verbessern. Erfahren Sie wie Sie mehr aus Ihren Daten machen \u2013 in einem Bruchteil der bisher ben\u00f6tigten Zeit.<\/p>\n\n\n\n<p><a href=\"#form\">F\u00fcllen Sie das untenstehende Formular aus<\/a>, um mehr \u00fcber nachfolgende Themen zu erfahren:<\/p>\n\n\n\n<ul class=\"is-style-bulletpoints wp-block-list\"><li>Analysieren Sie 100 % Ihrer Daten \u2013 Stichproben haben ausgedient<\/li><li>Finden Sie mehr kritische Audit Ergebnisse in weniger Zeit<\/li><li>Automatisch Anomalien, Ursachen und Risikofaktoren erkennen<\/li><li>Risikobasierte Audits einfach planen<\/li><li>Integrit\u00e4t und Sicherheit von Produkten und Dienstleistungen sichern<\/li><\/ul>\n<\/div>\n\n        <\/div>\n      <\/div>\n    <\/div>\n  \n  <\/section>\n\n\n\n\n\n<section class=\"module module-text my-module-0 \" id=\"module-69edab06241c6\" >       <div class=\"container\">\n      <div class=\"row justify-content-center\">\n        <div class=\"col-md-10 col-lg-8 text-col\">\n          \n<div class=\"wp-block-intact-text  text-styles\">\n<div class=\"wp-block-button\"><a class=\"wp-block-button__link\" href=\"#form\">zum webinar<\/a><\/div>\n<\/div>\n\n        <\/div>\n      <\/div>\n    <\/div>\n  \n  <\/section>\n\n\n\n\n\n<section class=\"module module-image my-module-sm  is-style-with-backgrounds\" id=\"module-69edab0626c41\" > \t\t\t<div class=\"container\">\n\t\t\t<div class=\"row justify-content-center\">\n\t\t\t\t<div class=\"col-lg-8 \">\n\t\t\t\t\t\n<figure class=\"wp-block-image size-large is-style-with-backgrounds\"><a href=\"#form\"><div class=\"image-wrapper\"><img decoding=\"async\"  srcset=\"https:\/\/intact-systems.com\/wp-content\/uploads\/2021\/11\/211006-New-Food-Webinar-x-Intact-750x0-c-default.jpg 750w, https:\/\/intact-systems.com\/wp-content\/uploads\/2021\/11\/211006-New-Food-Webinar-x-Intact-1000x0-c-default.jpg 1000w, https:\/\/intact-systems.com\/wp-content\/uploads\/2021\/11\/211006-New-Food-Webinar-x-Intact.jpg 1280w\" src=\"data:image\/gif;base64,R0lGODlhAQABAIAAAAAAAP\/\/\/yH5BAEAAAAALAAAAAABAAEAAAIBRAA7\" sizes=\"(min-width: 1240px) 1000px, 100vw\" width=\"1000\" height=\"563\" alt=\"\" \/><\/div><\/a><\/figure>\n\n\t\t\t\t<\/div>\n\t\t\t<\/div>\n\t\t<\/div>\n\t  <\/section>\n\n\n\n\n\n<section class=\"module module-form my-module-md \" id=\"form\" >   <div class=\"container\">\n    <div class=\"row justify-content-md-center justify-content-lg-start\">\n      <div class=\"col-md-9 col-lg-4 offset-lg-1 text-col pr-lg-half-col\">\n        <div class=\"headline-wrapper\">\n          <h2 class=\"headline\">\nMachen Sie mehr aus Audit und Compliance Daten\n<\/h2>\n                      <span class=\"subline h2\">\nOn-Demand Webinar\n<\/span>\n                  <\/div>\n        <div class=\"text d-none d-lg-block\">\n<p>Sehen Sie sich unser kostenloses Webinar an und erfahren Sie mehr dar\u00fcber, wie Sie das Meiste aus Ihren Audit und Compliance Daten herausholen.<br><br>Lernen Sie, wie Sie die richtigen Entscheidungen schnell und einfach auf Basis Ihrer Daten treffen k\u00f6nnen.<\/p>\n<\/div>\n      <\/div>\n      <div class=\"col-lg-7 form-col\">\n        <div class=\"row justify-content-center\">\n          <div class=\"col-12 col-md-9 col-lg-10 form\">\n            \n              <div class=\"form-row form-info\">\n                <div class=\"col\">\n                  <span class=\"required-info\">*Erforderlich<\/span>\n                <\/div>\n              <\/div>\n            <\/div>\n          <\/div>\n\n        <\/div>\n        <div class=\"col-md-9 d-lg-none text-col\">\n          <div class=\"text\">\n<p>Sehen Sie sich unser kostenloses Webinar an und erfahren Sie mehr dar\u00fcber, wie Sie das Meiste aus Ihren Audit und Compliance Daten herausholen.<br><br>Lernen Sie, wie Sie die richtigen Entscheidungen schnell und einfach auf Basis Ihrer Daten treffen k\u00f6nnen.<\/p>\n<\/div>\n        <\/div>\n      <\/div>\n\n    <\/div>\n    <\/section>\n","protected":false},"excerpt":{"rendered":"<p>On-Demand Webinar: Machen Sie mehr aus Ihren Audit und Compliance Daten Dieses kostenlose On-Demand Webinar pr\u00e4sentiert Ihnen einen neuen, revolution\u00e4ren Ansatz, Audit und Compliance Daten zu analysieren und sie zu nutzen, um Integrit\u00e4t, Sicherheit und Qualit\u00e4t nachhaltig zu verbessern. Erfahren Sie wie Sie mehr aus Ihren Daten machen \u2013 in einem Bruchteil der bisher ben\u00f6tigten [&hellip;]<\/p>\n","protected":false},"author":35,"featured_media":0,"parent":0,"menu_order":0,"comment_status":"closed","ping_status":"closed","template":"","meta":{"_acf_changed":false,"footnotes":""},"class_list":["post-9502","page","type-page","status-publish","hentry"],"acf":[],"_links":{"self":[{"href":"https:\/\/intact-systems.com\/de\/wp-json\/wp\/v2\/pages\/9502","targetHints":{"allow":["GET"]}}],"collection":[{"href":"https:\/\/intact-systems.com\/de\/wp-json\/wp\/v2\/pages"}],"about":[{"href":"https:\/\/intact-systems.com\/de\/wp-json\/wp\/v2\/types\/page"}],"author":[{"embeddable":true,"href":"https:\/\/intact-systems.com\/de\/wp-json\/wp\/v2\/users\/35"}],"replies":[{"embeddable":true,"href":"https:\/\/intact-systems.com\/de\/wp-json\/wp\/v2\/comments?post=9502"}],"version-history":[{"count":2,"href":"https:\/\/intact-systems.com\/de\/wp-json\/wp\/v2\/pages\/9502\/revisions"}],"predecessor-version":[{"id":9511,"href":"https:\/\/intact-systems.com\/de\/wp-json\/wp\/v2\/pages\/9502\/revisions\/9511"}],"wp:attachment":[{"href":"https:\/\/intact-systems.com\/de\/wp-json\/wp\/v2\/media?parent=9502"}],"curies":[{"name":"wp","href":"https:\/\/api.w.org\/{rel}","templated":true}]}}