{"id":8311,"date":"2021-06-01T17:05:09","date_gmt":"2021-06-01T15:05:09","guid":{"rendered":"https:\/\/intact-systems.com\/?page_id=8311"},"modified":"2021-06-07T15:23:52","modified_gmt":"2021-06-07T13:23:52","slug":"whitepaper","status":"publish","type":"page","link":"https:\/\/intact-systems.com\/de\/intact-analytics\/whitepaper\/","title":{"rendered":"Intact Analytics Whitepaper"},"content":{"rendered":"\n\n\n<section class=\"module module-text my-module-xs \" id=\"module-69d76be4a1f66\" >       <div class=\"container\">\n      <div class=\"row justify-content-center\">\n        <div class=\"col-md-10 col-lg-8 text-col\">\n          \n<div class=\"wp-block-intact-text  text-styles\">\n<p><\/p>\n<\/div>\n\n        <\/div>\n      <\/div>\n    <\/div>\n  \n  <\/section>\n\n\n\n\n\n<section class=\"module module-text my-module-xs \" id=\"module-69d76be4a3113\" >       <div class=\"container\">\n      <div class=\"row justify-content-center\">\n        <div class=\"col-md-10 col-lg-8 text-col\">\n          \n<div class=\"wp-block-intact-text  text-styles\">\n<h1 class=\"wp-block-heading\">Whitepaper: Risikobasierte Audits<\/h1>\n\n\n\n<p><\/p>\n<\/div>\n\n        <\/div>\n      <\/div>\n    <\/div>\n  \n  <\/section>\n\n\n\n\n\n<section class=\"module module-text my-module-xs \" id=\"module-69d76be4a3967\" >       <div class=\"container\">\n      <div class=\"row justify-content-center\">\n        <div class=\"col-md-10 col-lg-8 text-col\">\n          \n<div class=\"wp-block-intact-text  text-styles\">\n<p><a href=\"#form\">F\u00fcllen Sie das untenstehende Formular aus <\/a>und laden Sie das exklusive Whitepaper rund um risikobasierte Audits herunter. Darin erfahren Sie mehr dar\u00fcber, wie k\u00fcnstliche Intelligenz Ihre risikobasierte Auditplanung verbessern kann.<\/p>\n\n\n\n<p>In unserem Whitepaper lernen Sie mehr \u00fcber Probleme im aktuellen Ansatz f\u00fcr risikobasierte Audits, warum k\u00fcnstliche Intelligenz (KI) die L\u00f6sung auf viele Probleme darstellt und wie Sie die Technologie heute schon nutzen k\u00f6nnen. Dar\u00fcber hinaus gibt das Whitepaper einen \u00dcberblick dar\u00fcber, wie KI in anderen Branchen eingesetzt wird und wie sie funktioniert.<\/p>\n<\/div>\n\n        <\/div>\n      <\/div>\n    <\/div>\n  \n  <\/section>\n\n\n\n\n\n<section class=\"module module-text my-module-xs \" id=\"module-69d76be4a43fc\" >       <div class=\"container\">\n      <div class=\"row justify-content-center\">\n        <div class=\"col-md-10 col-lg-8 text-col\">\n          \n<div class=\"wp-block-intact-text  text-styles\">\n<div class=\"wp-block-button\"><a class=\"wp-block-button__link\" href=\"#form\">Whitepaper bekommen<\/a><\/div>\n<\/div>\n\n        <\/div>\n      <\/div>\n    <\/div>\n  \n  <\/section>\n\n\n\n\n\n<section class=\"module module-text my-module-xs \" id=\"module-69d76be4a4d4b\" >       <div class=\"container\">\n      <div class=\"row justify-content-center\">\n        <div class=\"col-md-10 col-lg-8 text-col\">\n          \n<div class=\"wp-block-intact-text  text-styles\">\n<p><\/p>\n<\/div>\n\n        <\/div>\n      <\/div>\n    <\/div>\n  \n  <\/section>\n\n\n\n\n\n<section class=\"module module-text my-module-0 \" id=\"module-69d76be4a56e1\" >       <div class=\"container\">\n      <div class=\"row justify-content-center\">\n        <div class=\"col-md-10 col-lg-8 text-col\">\n          \n<div class=\"wp-block-intact-text  text-styles\">\n<h2 class=\"wp-block-heading\">Whitepaper Preview<\/h2>\n<\/div>\n\n        <\/div>\n      <\/div>\n    <\/div>\n  \n  <\/section>\n\n\n\n\n\n<section class=\"module module-gallery module-media my-module-sm \" id=\"module-69d76be4aa2a8\" >   <div class=\"container-fluid\">\n    <div class=\"row media-row\">\n      <div class=\"col\">\n        <div class=\"container\">\n          <div class=\"row justify-content-center no-gutters gallery-row\">\n            <div class=\"col-lg-10 d-flex col-gallery\">\n              <div class=\"gallery-slider\" data-slide-label=\"Element\">\n                                  <div class=\"gallery-item\">\n                    <div class=\"media-wrapper image \">\n                      \n<figure class=\"wp-block-image size-large\"><img decoding=\"async\" width=\"1000\" height=\"750\" src=\"https:\/\/intact-systems.com\/wp-content\/uploads\/2021\/06\/Intact-Analytics-Whitepaper-Download-Arrow-1-1000x0-c-default.jpg\" alt=\"Intact Analytics Whitepaper Preview 1\" class=\"wp-image-8270\" srcset=\"https:\/\/intact-systems.com\/wp-content\/uploads\/2021\/06\/Intact-Analytics-Whitepaper-Download-Arrow-1-1000x0-c-default.jpg 1000w, https:\/\/intact-systems.com\/wp-content\/uploads\/2021\/06\/Intact-Analytics-Whitepaper-Download-Arrow-1-750x0-c-default.jpg 750w, https:\/\/intact-systems.com\/wp-content\/uploads\/2021\/06\/Intact-Analytics-Whitepaper-Download-Arrow-1-360x0-c-default.jpg 360w, https:\/\/intact-systems.com\/wp-content\/uploads\/2021\/06\/Intact-Analytics-Whitepaper-Download-Arrow-1.jpg 800w\" sizes=\"(max-width: 1000px) 100vw, 1000px\" \/><\/figure>\n\n                    <\/div>\n                  <\/div>\n                                  <div class=\"gallery-item\">\n                    <div class=\"media-wrapper image \">\n                      \n<figure class=\"wp-block-image size-large\"><img decoding=\"async\" width=\"1000\" height=\"563\" src=\"https:\/\/intact-systems.com\/wp-content\/uploads\/2021\/06\/Intact-Analytics-Whitepaper-Sections-Preview-2-1000x0-c-default.png\" alt=\"Intact Analytics Whitepaper Preview 2\" class=\"wp-image-8266\" srcset=\"https:\/\/intact-systems.com\/wp-content\/uploads\/2021\/06\/Intact-Analytics-Whitepaper-Sections-Preview-2-1000x0-c-default.png 1000w, https:\/\/intact-systems.com\/wp-content\/uploads\/2021\/06\/Intact-Analytics-Whitepaper-Sections-Preview-2-750x0-c-default.png 750w, https:\/\/intact-systems.com\/wp-content\/uploads\/2021\/06\/Intact-Analytics-Whitepaper-Sections-Preview-2-360x0-c-default.png 360w, https:\/\/intact-systems.com\/wp-content\/uploads\/2021\/06\/Intact-Analytics-Whitepaper-Sections-Preview-2.png 1280w\" sizes=\"(max-width: 1000px) 100vw, 1000px\" \/><\/figure>\n\n                    <\/div>\n                  <\/div>\n                                  <div class=\"gallery-item\">\n                    <div class=\"media-wrapper image \">\n                      \n<figure class=\"wp-block-image size-large\"><img decoding=\"async\" width=\"1000\" height=\"563\" src=\"https:\/\/intact-systems.com\/wp-content\/uploads\/2021\/06\/Intact-Analytics-Whitepaper-Sections-Preview-3-1000x0-c-default.png\" alt=\"Intact Analytics Whitepaper Preview 3\" class=\"wp-image-8268\" srcset=\"https:\/\/intact-systems.com\/wp-content\/uploads\/2021\/06\/Intact-Analytics-Whitepaper-Sections-Preview-3-1000x0-c-default.png 1000w, https:\/\/intact-systems.com\/wp-content\/uploads\/2021\/06\/Intact-Analytics-Whitepaper-Sections-Preview-3-750x0-c-default.png 750w, https:\/\/intact-systems.com\/wp-content\/uploads\/2021\/06\/Intact-Analytics-Whitepaper-Sections-Preview-3-360x0-c-default.png 360w, https:\/\/intact-systems.com\/wp-content\/uploads\/2021\/06\/Intact-Analytics-Whitepaper-Sections-Preview-3.png 1280w\" sizes=\"(max-width: 1000px) 100vw, 1000px\" \/><\/figure>\n\n                    <\/div>\n                  <\/div>\n                              <\/div>\n              <div class=\"gallery-nav vertical-slick-arrows\"><\/div>\n            <\/div>\n\n          <\/div>\n        <\/div>\n      <\/div>\n    <\/div>\n    <div class=\"row captions-row mb-sm mb-lg-lmd\">\n      <div class=\"col\">\n        <div class=\"container\">\n          <div class=\"row justify-content-center\">\n            <div class=\"col-lg-9 captions-wrapper\"><\/div>\n          <\/div>\n        <\/div>\n      <\/div>\n    <\/div>\n    <div class=\"row dots-row\"><\/div>\n  <\/div>\n  <\/section>\n\n\n\n\n\n<section class=\"module module-form my-module-md \" id=\"form\" >   <div class=\"container\">\n    <div class=\"row justify-content-md-center justify-content-lg-start\">\n      <div class=\"col-md-9 col-lg-4 offset-lg-1 text-col pr-lg-half-col\">\n        <div class=\"headline-wrapper\">\n          <h2 class=\"headline\">\nWhitepaper: Risikobasierte Audits\n<\/h2>\n                      <span class=\"subline h2\">\n\n<\/span>\n                  <\/div>\n        <div class=\"text d-none d-lg-block\">\n<p>Risikobasierte Audits geh\u00f6ren zu den herausforderndsten Aufgaben unserer Branche. Wenn die Planung falsch angelegt wird, kostet das viele Kapazit\u00e4ten und schadet der Integrit\u00e4t.<br><br>Laden Sie sich das Whitepaper herunter und erfahren Sie mehr dar\u00fcber, wie Ihnen KI bei der L\u00f6sung Ihrer Probleme helfen kann.<br><br><strong>Highlights:<\/strong><br><span style=\"color: #3ec16f;\">\u2714<\/span>\u00a0L\u00f6sungen zu aktuellen Audit Problemen<br><span style=\"color: #3ec16f;\">\u2714<\/span>\u00a0Vorteile risikobasierter Audits<br><span style=\"color: #3ec16f;\">\u2714<\/span>\u00a0Technologie als Entscheidungshilfe<br><span style=\"color: #3ec16f;\">\u2714<\/span>\u00a0KI in verschiedenen Branchen<br><span style=\"color: #3ec16f;\">\u2714<\/span>\u00a0Intact Analytics \u00dcbersicht<\/p>\n<\/div>\n      <\/div>\n      <div class=\"col-lg-7 form-col\">\n        <div class=\"row justify-content-center\">\n          <div class=\"col-12 col-md-9 col-lg-10 form\">\n            \n              <div class=\"form-row form-info\">\n                <div class=\"col\">\n                  <span class=\"required-info\">*Erforderlich<\/span>\n                <\/div>\n              <\/div>\n            <\/div>\n          <\/div>\n\n        <\/div>\n        <div class=\"col-md-9 d-lg-none text-col\">\n          <div class=\"text\">\n<p>Risikobasierte Audits geh\u00f6ren zu den herausforderndsten Aufgaben unserer Branche. Wenn die Planung falsch angelegt wird, kostet das viele Kapazit\u00e4ten und schadet der Integrit\u00e4t.<br><br>Laden Sie sich das Whitepaper herunter und erfahren Sie mehr dar\u00fcber, wie Ihnen KI bei der L\u00f6sung Ihrer Probleme helfen kann.<br><br><strong>Highlights:<\/strong><br><span style=\"color: #3ec16f;\">\u2714<\/span>\u00a0L\u00f6sungen zu aktuellen Audit Problemen<br><span style=\"color: #3ec16f;\">\u2714<\/span>\u00a0Vorteile risikobasierter Audits<br><span style=\"color: #3ec16f;\">\u2714<\/span>\u00a0Technologie als Entscheidungshilfe<br><span style=\"color: #3ec16f;\">\u2714<\/span>\u00a0KI in verschiedenen Branchen<br><span style=\"color: #3ec16f;\">\u2714<\/span>\u00a0Intact Analytics \u00dcbersicht<\/p>\n<\/div>\n        <\/div>\n      <\/div>\n\n    <\/div>\n    <\/section>\n","protected":false},"excerpt":{"rendered":"<p>Whitepaper: Risikobasierte Audits F\u00fcllen Sie das untenstehende Formular aus und laden Sie das exklusive Whitepaper rund um risikobasierte Audits herunter. Darin erfahren Sie mehr dar\u00fcber, wie k\u00fcnstliche Intelligenz Ihre risikobasierte Auditplanung verbessern kann. In unserem Whitepaper lernen Sie mehr \u00fcber Probleme im aktuellen Ansatz f\u00fcr risikobasierte Audits, warum k\u00fcnstliche Intelligenz (KI) die L\u00f6sung auf viele [&hellip;]<\/p>\n","protected":false},"author":35,"featured_media":0,"parent":1442,"menu_order":1,"comment_status":"closed","ping_status":"closed","template":"","meta":{"_acf_changed":false,"footnotes":""},"class_list":["post-8311","page","type-page","status-publish","hentry"],"acf":[],"_links":{"self":[{"href":"https:\/\/intact-systems.com\/de\/wp-json\/wp\/v2\/pages\/8311","targetHints":{"allow":["GET"]}}],"collection":[{"href":"https:\/\/intact-systems.com\/de\/wp-json\/wp\/v2\/pages"}],"about":[{"href":"https:\/\/intact-systems.com\/de\/wp-json\/wp\/v2\/types\/page"}],"author":[{"embeddable":true,"href":"https:\/\/intact-systems.com\/de\/wp-json\/wp\/v2\/users\/35"}],"replies":[{"embeddable":true,"href":"https:\/\/intact-systems.com\/de\/wp-json\/wp\/v2\/comments?post=8311"}],"version-history":[{"count":3,"href":"https:\/\/intact-systems.com\/de\/wp-json\/wp\/v2\/pages\/8311\/revisions"}],"predecessor-version":[{"id":8337,"href":"https:\/\/intact-systems.com\/de\/wp-json\/wp\/v2\/pages\/8311\/revisions\/8337"}],"up":[{"embeddable":true,"href":"https:\/\/intact-systems.com\/de\/wp-json\/wp\/v2\/pages\/1442"}],"wp:attachment":[{"href":"https:\/\/intact-systems.com\/de\/wp-json\/wp\/v2\/media?parent=8311"}],"curies":[{"name":"wp","href":"https:\/\/api.w.org\/{rel}","templated":true}]}}