{"id":7042,"date":"2021-01-22T11:12:26","date_gmt":"2021-01-22T10:12:26","guid":{"rendered":"https:\/\/intact-systems.com\/?page_id=7042"},"modified":"2021-03-23T10:03:58","modified_gmt":"2021-03-23T09:03:58","slug":"die-zukunft-von-audits","status":"publish","type":"page","link":"https:\/\/intact-systems.com\/de\/die-zukunft-von-audits\/","title":{"rendered":"Die Zukunft von Audits"},"content":{"rendered":"  <header class=\"page-header is-style-default  mb-module-sm\">\n\t<div class=\"container-fluid\">\n\t\t<div class=\"row\">\n\t\t\t<div class=\"col-md-6 order-md-last col-image \">\n\t\t\t\t\t\t\t\t\t<img decoding=\"async\"  srcset=\"https:\/\/intact-systems.com\/wp-content\/uploads\/2020\/04\/intact-platform-header-min-360x0-c-default.png 360w, https:\/\/intact-systems.com\/wp-content\/uploads\/2020\/04\/intact-platform-header-min-720x0-c-default.png 720w, https:\/\/intact-systems.com\/wp-content\/uploads\/2020\/04\/intact-platform-header-min-1440x0-c-default.png 1440w, https:\/\/intact-systems.com\/wp-content\/uploads\/2020\/04\/intact-platform-header-min.png 1440w\" src=\"data:image\/gif;base64,R0lGODlhAQABAIAAAAAAAP\/\/\/yH5BAEAAAAALAAAAAABAAEAAAIBRAA7\" sizes=\"(min-width: 700px) 50vw, 100vw\" width=\"1440\" height=\"900\" alt=\"Intact Platform software runs on all devices - from desktop to laptop to mobile.\">\n\t\t\t\t\t\t\t<\/div>\n\t\t\t<div class=\"col-md-6 col-text pt-lmd pb-sm pt-md-lg pb-md-lg pt-lg-xl \">\n\t\t\t\t\t\t\t\t\t<div class=\"container-half-md text-container\">\n\t\t\t\t\t\t<div class=\"col-wrapper\">\n\t\t\t\t\t\t\t\n\n<div class=\"wp-block-intact-post-title text-styles\"><h1>Die Zukunft von Audits<\/h1><\/div>\n\n\n\n<p>Verschwenden Sie keine Zeit mehr mit primitiven Checklisten, komplizierten Excel Tabellen oder unstrukturierten Arbeitsabl\u00e4ufen!<\/p>\n\n\n\n<p>Intact bietet Ihnen umfassende L\u00f6sungen, um Audit Performance und Effizienz zu verbessern. Dar\u00fcber hinaus helfen unsere Tools Ihnen weltweit dabei, Akkreditierungen zu sichern und neue Einnahmequellen zu erschlie\u00dfen.<\/p>\n\n\n\n<p>Steigern Sie Ihre Effizienz und konzentrieren Sie sich auf das, was z\u00e4hlt \u2013 Ihre Kunden.<\/p>\n\n\n\n<div class=\"wp-block-button\"><a class=\"wp-block-button__link has-text-color has-light-color has-background has-red-background-color\" href=\"https:\/\/intact-systems.com\/de\/demo\/\">Starten Sie durch<\/a><\/div>\n\n\n\t\t\t\t\t\t<\/div>\n\t\t\t\t\t<\/div>\n\t\t\t\t\t\t\t<\/div>\n\t\t<\/div>\n\t<\/div>\n<\/header>\n\n\n\n\n\n<section class=\"module module-text my-module-sm \" id=\"module-69d25a2c2e7bc\" >       <div class=\"container\">\n      <div class=\"row justify-content-center\">\n        <div class=\"col-md-10 col-lg-8 text-col\">\n          \n<div class=\"wp-block-intact-text  text-styles\">\n<h2 class=\"wp-block-heading\">Intact &#8211; Ihre 360\u00b0 L\u00f6sung<\/h2>\n\n\n\n<p>Erleben Sie schon heute die Zukunft von Audits und Zertifizierung. Egal ob Sie sich f\u00fcr die Komplettl\u00f6sung entscheiden oder nur ein einziges Modul w\u00e4hlen, mit Intact arbeiten Sie effizienter und bieten Ihren Kunden eine bessere Audit-Erfahrung.<\/p>\n\n\n<div class=\"d-flex flex-column flex-md-row justify-content-center align-items-center button-group\">\n  \n\n<div class=\"wp-block-button\"><a class=\"wp-block-button__link\" href=\"#intact-platform\">Intact Platform<\/a><\/div>\n\n\n\n<div class=\"wp-block-button is-style-outline is-style-outline--2\"><a class=\"wp-block-button__link has-text-color has-light-color has-background has-blue-background-color\" href=\"#intact-analytics\">Intact Analytics<\/a><\/div>\n\n\n<\/div>\n<\/div>\n\n        <\/div>\n      <\/div>\n    <\/div>\n  \n  <\/section>\n\n\n\n\n\n<section class=\"module module-image my-module-0  \" id=\"intact-platform\" > \t\t\t<div class=\"container\">\n\t\t\t<div class=\"row justify-content-center\">\n\t\t\t\t<div class=\"col-lg-8 \">\n\t\t\t\t\t\n<figure class=\"wp-block-image size-large\" id=\"intact-platform\"><a href=\"https:\/\/intact-systems.com\/intact-platform\/\"><div class=\"image-wrapper\"><img decoding=\"async\"  srcset=\"https:\/\/intact-systems.com\/wp-content\/uploads\/2021\/01\/Future-of-Auditing-Product-Logo-Banner-Intact-Platform-min-1-750x0-c-default.png 750w, https:\/\/intact-systems.com\/wp-content\/uploads\/2021\/01\/Future-of-Auditing-Product-Logo-Banner-Intact-Platform-min-1-1000x0-c-default.png 1000w, https:\/\/intact-systems.com\/wp-content\/uploads\/2021\/01\/Future-of-Auditing-Product-Logo-Banner-Intact-Platform-min-1.png 1440w\" src=\"data:image\/gif;base64,R0lGODlhAQABAIAAAAAAAP\/\/\/yH5BAEAAAAALAAAAAABAAEAAAIBRAA7\" sizes=\"(min-width: 1240px) 1000px, 100vw\" width=\"1000\" height=\"250\" alt=\"\" \/><\/div><\/a><\/figure>\n\n\t\t\t\t<\/div>\n\t\t\t<\/div>\n\t\t<\/div>\n\t  <\/section>\n\n\n\n\n\n<section class=\"module module-text my-module-sm \" id=\"module-69d25a2c32049\" >       <div class=\"container\">\n      <div class=\"row justify-content-center\">\n        <div class=\"col-md-10 col-lg-8 text-col\">\n          \n<div class=\"wp-block-intact-text  text-styles\">\n<h2 class=\"wp-block-heading\">Intact Platform \u2013 Steigern Sie Ihre Audit-Effizienz<\/h2>\n\n\n\n<p>Meistern Sie Remote-, Blended- und Onsite-Audits mit unserer All-in-One Audit- und Zertifizierungs-L\u00f6sung. Die Intact Platform ist die treibende Kraft hinter Audits und Zertifizierungen auf der ganzen Welt. F\u00fcr Zertifizierungsstellen bedeutet das Standardisierung, Innovation und gesteigerte Effizienz. Genie\u00dfen auch Sie diese Vorteile!<\/p>\n<\/div>\n\n        <\/div>\n      <\/div>\n    <\/div>\n  \n  <\/section>\n\n\n\n\n\n<section class=\"module module-text my-module-xs \" id=\"module-69d25a2c332d8\" >       <div class=\"container\">\n      <div class=\"row justify-content-center\">\n        <div class=\"col-md-10 col-lg-8 text-col\">\n          \n<div class=\"wp-block-intact-text  text-styles\">\n<ul class=\"is-style-bulletpoints wp-block-list\"><li>360\u00b0 Softwarel\u00f6sung \u2013 von der Auditplanung bis zur Zertifizierung und mehr<\/li><li>Modulares Toolset \u2013 nutzen Sie nur was Sie ben\u00f6tigen und skalieren Sie jederzeit<\/li><li>Vollst\u00e4ndig digitaler Workflow \u2013 profitieren Sie von durchschnittlich 30 % mehr Effizienz<\/li><li>Einsatzbereit f\u00fcr Remote-, Blended-, und Desktop-Audits<\/li><li>Auditieren Sie jederzeit und \u00fcberall mit der Intact Mobile App: on- und offline!<\/li><li>Behalten Sie den \u00dcberblick mit Intact BI Management Dashboards<\/li><\/ul>\n\n\n<div class=\"d-flex flex-column flex-md-row justify-content-center align-items-center button-group\">\n  \n\n<div class=\"wp-block-button alignleft\"><a class=\"wp-block-button__link\" href=\"https:\/\/intact-systems.com\/demo\/\">Gratis Demo<\/a><\/div>\n\n\n\n<div class=\"wp-block-button alignright is-style-outline is-style-outline--3\"><a class=\"wp-block-button__link has-text-color has-light-color has-background has-dark-background-color\" href=\"https:\/\/intact-systems.com\/de\/intact-platform\/\">Mehr erfahren<\/a><\/div>\n\n\n<\/div>\n\n\n\n<p><\/p>\n<\/div>\n\n        <\/div>\n      <\/div>\n    <\/div>\n  \n  <\/section>\n\n\n\n\n\n<section class=\"module module-text my-module-xs \" id=\"module-69d25a2c339a7\" >       <div class=\"container\">\n      <div class=\"row justify-content-center\">\n        <div class=\"col-md-10 col-lg-8 text-col\">\n          \n<div class=\"wp-block-intact-text  text-styles\">\n<p><\/p>\n<\/div>\n\n        <\/div>\n      <\/div>\n    <\/div>\n  \n  <\/section>\n\n\n\n\n\n<section class=\"module module-text my-module-0 \" id=\"module-69d25a2c3406e\" >       <div class=\"container\">\n      <div class=\"row justify-content-center\">\n        <div class=\"col-md-10 col-lg-8 text-col\">\n          \n<div class=\"wp-block-intact-text  text-styles\">\n<h2 class=\"wp-block-heading\">Neu: GLOBALG.A.P. Module<\/h2>\n<\/div>\n\n        <\/div>\n      <\/div>\n    <\/div>\n  \n  <\/section>\n\n\n\n<figure class=\"wp-block-embed-vimeo wp-block-embed is-type-video is-provider-vimeo wp-embed-aspect-16-9 wp-has-aspect-ratio\"><div class=\"wp-block-embed__wrapper\">\n <div class=\"brlbs-cmpnt-container brlbs-cmpnt-content-blocker\" data-borlabs-cookie-content-blocker-id=\"vimeo-content-blocker\" data-borlabs-cookie-content=\"PGlmcmFtZSB0aXRsZT0iSW50YWN0IFBsYXRmb3JtIEdMT0JBTEcuQS5QLiBNb2R1bGUiIHNyYz0iaHR0cHM6Ly9wbGF5ZXIudmltZW8uY29tL3ZpZGVvLzUwMjYwNzAxOT9kbnQ9MSZhbXA7YXBwX2lkPTEyMjk2MyIgd2lkdGg9IjUwMCIgaGVpZ2h0PSIyODEiIGZyYW1lYm9yZGVyPSIwIiBhbGxvdz0iYXV0b3BsYXk7IGZ1bGxzY3JlZW47IHBpY3R1cmUtaW4tcGljdHVyZTsgY2xpcGJvYXJkLXdyaXRlIj48L2lmcmFtZT4=\"><div class=\"brlbs-cmpnt-cb-preset-c brlbs-cmpnt-cb-vimeo\"> <div class=\"brlbs-cmpnt-cb-thumbnail\" style=\"background-image: url('https:\/\/intact-systems.com\/wp-content\/uploads\/borlabs-cookie\/1\/vimeo_502607019.jpg')\"><\/div> <div class=\"brlbs-cmpnt-cb-main\"> <div class=\"brlbs-cmpnt-cb-play-button\"><\/div> <div class=\"brlbs-cmpnt-cb-content\"> <p class=\"brlbs-cmpnt-cb-description\">Sie sehen gerade einen Platzhalterinhalt von <strong>Vimeo<\/strong>. Um auf den eigentlichen Inhalt zuzugreifen, klicken Sie auf die Schaltfl\u00e4che unten. Bitte beachten Sie, dass dabei Daten an Drittanbieter weitergegeben werden.<\/p> <a class=\"brlbs-cmpnt-cb-provider-toggle\" href=\"#\" data-borlabs-cookie-show-provider-information role=\"button\">Mehr Informationen<\/a> <\/div> <div class=\"brlbs-cmpnt-cb-buttons\"> <a class=\"brlbs-cmpnt-cb-btn\" href=\"#\" data-borlabs-cookie-unblock role=\"button\">Inhalt entsperren<\/a> <a class=\"brlbs-cmpnt-cb-btn\" href=\"#\" data-borlabs-cookie-accept-service role=\"button\" style=\"display: inherit\">Erforderlichen Service akzeptieren und Inhalte entsperren<\/a> <\/div> <\/div> <\/div><\/div>\n<\/div><\/figure>\n\n\n\n\n\n<section class=\"module module-text my-module-0 \" id=\"module-69d25a2c349df\" >       <div class=\"container\">\n      <div class=\"row justify-content-center\">\n        <div class=\"col-md-10 col-lg-8 text-col\">\n          \n<div class=\"wp-block-intact-text  text-styles\">\n<p>Nutzen Sie das einzige, von GLOBALG.A.P. anerkannte, Audit Tool mit Plug-and-Play-Schnittstellen zu sowohl&nbsp;<strong>Audit Online Hub<\/strong>&nbsp;als auch&nbsp;<strong>GLOBALG.A.P. Database<\/strong>. Mit dem Intact Platform GLOBALG.A.P. Modul sparen Sie wertvolle Zeit, sichern Ihre Ratings und verpassen keine Deadlines mehr.<\/p>\n\n\n\n<div class=\"wp-block-button is-style-arrow\"><a class=\"wp-block-button__link\" href=\"https:\/\/intact-systems.com\/de\/intact-platform\/globalgap-zertifizierungslosung\/\">Mehr erfahren<span class=\"link-arrow-icon\"><svg xmlns='http:\/\/www.w3.org\/2000\/svg' viewBox='0 0 41.3 6'><path d='M36.5,4H0V2H36.5V0l4.8,3L36.5,6Z' style='fill:currentColor;'\/><\/svg><\/span><\/a><\/div>\n\n\n\n<p><\/p>\n<\/div>\n\n        <\/div>\n      <\/div>\n    <\/div>\n  \n  <\/section>\n\n\n\n\n\n<section class=\"module module-file-slider bg-custom-1 py-module-md my-module-0 \" id=\"block_5f80871123342\" > \t<div class=\"container\">\n\t\t<div class=\"row justify-content-center justify-content-lg-start\">\n\t\t\t<div class=\"col-10 col-lg-4 offset-lg-1 col-headline module-intro text-custom-3\">\n\t\t\t\t\n\n<h2 class=\"has-light-color has-text-color wp-block-heading\">Entdecken Sie den ROI der Intact Platform!<\/h2>\n\n\n\t\t\t<\/div>\n\t\t\t<div class=\"col-10 offset-lg-0 col-lg-6 px-lg-half-col col-slider\">\n\t\t\t\t<div class=\"file-slider\" data-slide-label=\"Datei\">\n\t\t\t\t\t\t\t\t\t\t\t<div class=\"item\">\n\t\t\t\t\t\t\t<h3 class=\"headline h5 text-custom-2\">Intact Platform ROI Whitepaper<\/h3>\n\t\t\t\t\t\t\t<div class=\"text mb-xms text-custom-3\">\n\t\t\t\t\t\t\t\tEntdecken Sie die kompetitiven Vorteile der Intact Platform. Diese repr\u00e4sentative Studie zeigt Ihnen den ROI der Software sowie entstehende Marktperspektiven in den Bereichen Standards, Audit und Zertifizierung. \n\t\t\t\t\t\t\t<\/div>\n\t\t\t\t\t\t\t<div class=\"button-wrapper\">\n\t\t\t\t\t\t\t\t\t\t\t\t\t\t\t\t\t<a class=\"btn btn-sm btn-outline-dark text-custom-3 brd-custom-3\" href=\"https:\/\/intact-systems.com\/de\/intact-platform\/roi-whitepaper\/\"  title=\"Intact Platform ROI Whitepaper DE\" >Intact Platform ROI Whitepaper DE<\/a>\n\t\t\t\t\t\t\t\t\t\t\t\t\t\t\t<\/div>\n\t\t\t\t\t\t<\/div>\n\t\t\t\t\t\t\t\t\t<\/div>\n\t\t\t<\/div>\n\t\t\t<div class=\"col-10 offset-lg-0 col-lg-1 col-slider-nav d-none\">\n\t\t\t\t<div class=\"slider-nav vertical-slick-arrows\"><\/div>\n\t\t\t\t<div class=\"slider-dots\"><\/div>\n\t\t\t<\/div>\n\t\t<\/div>\n\t<\/div>\n  <\/section>\n\n\n\n\n\n<section class=\"module module-image my-module-0  \" id=\"intact-analytics\" > \t\t\t<div class=\"container\">\n\t\t\t<div class=\"row justify-content-center\">\n\t\t\t\t<div class=\"col-lg-8 \">\n\t\t\t\t\t\n<figure class=\"wp-block-image size-large\" id=\"intact-analytics\"><a href=\"https:\/\/intact-systems.com\/solutions\/data-and-business-analytics\/\"><div class=\"image-wrapper\"><img decoding=\"async\"  srcset=\"https:\/\/intact-systems.com\/wp-content\/uploads\/2021\/01\/Future-of-Auditing-Product-Logo-Banner-Intact-Analytics-min-1-750x0-c-default.png 750w, https:\/\/intact-systems.com\/wp-content\/uploads\/2021\/01\/Future-of-Auditing-Product-Logo-Banner-Intact-Analytics-min-1-1000x0-c-default.png 1000w, https:\/\/intact-systems.com\/wp-content\/uploads\/2021\/01\/Future-of-Auditing-Product-Logo-Banner-Intact-Analytics-min-1.png 1440w\" src=\"data:image\/gif;base64,R0lGODlhAQABAIAAAAAAAP\/\/\/yH5BAEAAAAALAAAAAABAAEAAAIBRAA7\" sizes=\"(min-width: 1240px) 1000px, 100vw\" width=\"1000\" height=\"250\" alt=\"\" \/><\/div><\/a><\/figure>\n\n\t\t\t\t<\/div>\n\t\t\t<\/div>\n\t\t<\/div>\n\t  <\/section>\n\n\n\n\n\n<section class=\"module module-text my-module-sm \" id=\"module-69d25a2c381ab\" >       <div class=\"container\">\n      <div class=\"row justify-content-center\">\n        <div class=\"col-md-10 col-lg-8 text-col\">\n          \n<div class=\"wp-block-intact-text  text-styles\">\n<h2 class=\"wp-block-heading\">Intact Analytics &#8211; Schluss mit R\u00e4tselraten<\/h2>\n\n\n\n<p>Finden statt suchen: Intact Analytics nutzt K\u00fcnstliche Intelligenz (KI) um Audit-Daten zu analysieren, Anomalien aufzusp\u00fcren und datenbasierte Vorschl\u00e4ge zur Verbesserung von Audit Performance und Planung zu machen. Damit treffen Sie auch ohne Data-Science-Kenntnisse fundierte Entscheidungen.<\/p>\n<\/div>\n\n        <\/div>\n      <\/div>\n    <\/div>\n  \n  <\/section>\n\n\n\n\n\n<section class=\"module module-text my-module-xs \" id=\"module-69d25a2c39626\" >       <div class=\"container\">\n      <div class=\"row justify-content-center\">\n        <div class=\"col-md-10 col-lg-8 text-col\">\n          \n<div class=\"wp-block-intact-text  text-styles\">\n<ul class=\"is-style-bulletpoints wp-block-list\"><li>Analysieren Sie 100 % Ihrer Daten \u2013 Stichproben haben ausgedient<\/li><li>Fokussieren Sie sich auf das, was z\u00e4hlt \u2013 durch smarte Dashboards<\/li><li><strong>Automatisch<\/strong> Anomalien, Ursachen und Risikofaktoren erkennen<\/li><li>Risikobasierte Audits einfach planen<\/li><li>Auditorenperformance messen und von den besten lernen<\/li><\/ul>\n\n\n<div class=\"d-flex flex-column flex-md-row justify-content-center align-items-center button-group\">\n  \n\n<div class=\"wp-block-button alignleft\"><a class=\"wp-block-button__link has-background has-blue-background-color\" href=\"https:\/\/intact-systems.com\/demo\/\">Gratis Demo<\/a><\/div>\n\n\n\n<div class=\"wp-block-button alignright is-style-outline is-style-outline--4\"><a class=\"wp-block-button__link has-text-color has-light-color has-background has-dark-background-color\" href=\"https:\/\/intact-systems.com\/de\/loesungen\/data-business-analytics\/\">Mehr Erfahren<\/a><\/div>\n\n\n<\/div>\n\n\n\n<p><\/p>\n<\/div>\n\n        <\/div>\n      <\/div>\n    <\/div>\n  \n  <\/section>\n\n\n\n\n\n<section class=\"module module-text my-module-xs \" id=\"module-69d25a2c39e55\" >       <div class=\"container\">\n      <div class=\"row justify-content-center\">\n        <div class=\"col-md-10 col-lg-8 text-col\">\n          \n<div class=\"wp-block-intact-text  text-styles\">\n<p><\/p>\n<\/div>\n\n        <\/div>\n      <\/div>\n    <\/div>\n  \n  <\/section>\n\n\n\n\n\n<section class=\"module module-text my-module-0 \" id=\"module-69d25a2c3a5e6\" >       <div class=\"container\">\n      <div class=\"row justify-content-center\">\n        <div class=\"col-md-10 col-lg-8 text-col\">\n          \n<div class=\"wp-block-intact-text  text-styles\">\n<h2 class=\"wp-block-heading\">Kostenloses On-Demand Webinar<\/h2>\n<\/div>\n\n        <\/div>\n      <\/div>\n    <\/div>\n  \n  <\/section>\n\n\n\n\n\n<section class=\"module module-image my-module-sm  \" id=\"module-69d25a2c3c03a\" > \t\t\t<div class=\"container\">\n\t\t\t<div class=\"row justify-content-center\">\n\t\t\t\t<div class=\"col-lg-8 \">\n\t\t\t\t\t\n<figure class=\"wp-block-image size-large\"><a href=\"https:\/\/intact-systems.com\/de\/intact-analytics-webinar\/\"><div class=\"image-wrapper\"><img decoding=\"async\"  srcset=\"https:\/\/intact-systems.com\/wp-content\/uploads\/2021\/03\/Webinar-Intact-Analytics-Applying-AI-in-Audit-Analysis-min-750x0-c-default.png 750w, https:\/\/intact-systems.com\/wp-content\/uploads\/2021\/03\/Webinar-Intact-Analytics-Applying-AI-in-Audit-Analysis-min-1000x0-c-default.png 1000w, https:\/\/intact-systems.com\/wp-content\/uploads\/2021\/03\/Webinar-Intact-Analytics-Applying-AI-in-Audit-Analysis-min.png 1200w\" src=\"data:image\/gif;base64,R0lGODlhAQABAIAAAAAAAP\/\/\/yH5BAEAAAAALAAAAAABAAEAAAIBRAA7\" sizes=\"(min-width: 1240px) 1000px, 100vw\" width=\"1000\" height=\"562\" alt=\"\" \/><\/div><\/a><\/figure>\n\n\t\t\t\t<\/div>\n\t\t\t<\/div>\n\t\t<\/div>\n\t  <\/section>\n\n\n\n\n\n<section class=\"module module-text my-module-0 \" id=\"module-69d25a2c3cd69\" >       <div class=\"container\">\n      <div class=\"row justify-content-center\">\n        <div class=\"col-md-10 col-lg-8 text-col\">\n          \n<div class=\"wp-block-intact-text  text-styles\">\n<p>Sie m\u00f6chten mehr \u00fcber Intact Analytics oder die Anwendungsm\u00f6glichkeiten von KI in der Analyse von Audit Daten erfahren?&nbsp;<a href=\"https:\/\/intact-systems.com\/de\/intact-analytics-webinar\/\">Sehen Sie sich unser kostenloses Webinar an<\/a>, um alle offenen Fragen zu kl\u00e4ren.<\/p>\n\n\n\n<p>In diesem Audit Analytics Webinar gehen wir auf die Funktionalit\u00e4t von KI in der Audit Analyse ein und pr\u00e4sentieren Use Cases und Anwendungsbeispiele. Starten Sie Ihre datengetriebene Arbeit noch heute!<\/p>\n\n\n\n<div class=\"wp-block-button is-style-arrow\"><a class=\"wp-block-button__link\" href=\"https:\/\/intact-systems.com\/de\/intact-analytics-webinar\/\">Kostenloses Webinar<span class=\"link-arrow-icon\"><svg xmlns='http:\/\/www.w3.org\/2000\/svg' viewBox='0 0 41.3 6'><path d='M36.5,4H0V2H36.5V0l4.8,3L36.5,6Z' style='fill:currentColor;'\/><\/svg><\/span><\/a><\/div>\n\n\n\n<p><\/p>\n<\/div>\n\n        <\/div>\n      <\/div>\n    <\/div>\n  \n  <\/section>\n\n\n\n\n\n<section class=\"module module-form my-module-md \" id=\"block_6008512153d5c\" >   <div class=\"container\">\n    <div class=\"row justify-content-md-center justify-content-lg-start\">\n      <div class=\"col-md-9 col-lg-4 offset-lg-1 text-col pr-lg-half-col\">\n        <div class=\"headline-wrapper\">\n          <h2 class=\"headline\">\nTermin vereinbaren\n<\/h2>\n                      <span class=\"subline h2\">\nErfahren Sie mehr \u00fcber unsere Tools\n<\/span>\n                  <\/div>\n        <div class=\"text d-none d-lg-block\">\n<p><\/p>\n<\/div>\n      <\/div>\n      <div class=\"col-lg-7 form-col\">\n        <div class=\"row justify-content-center\">\n          <div class=\"col-12 col-md-9 col-lg-10 form\">\n            \n              <div class=\"form-row form-info\">\n                <div class=\"col\">\n                  <span class=\"required-info\">*Erforderlich<\/span>\n                <\/div>\n              <\/div>\n            <\/div>\n          <\/div>\n\n        <\/div>\n        <div class=\"col-md-9 d-lg-none text-col\">\n          <div class=\"text\">\n<p><\/p>\n<\/div>\n        <\/div>\n      <\/div>\n\n    <\/div>\n    <\/section>\n","protected":false},"excerpt":{"rendered":"<p>Intact Platform \u2013 Steigern Sie Ihre Audit-Effizienz Meistern Sie Remote-, Blended- und Onsite-Audits mit unserer All-in-One Audit- und Zertifizierungs-L\u00f6sung. Die Intact Platform ist die treibende Kraft hinter Audits und Zertifizierungen auf der ganzen Welt. F\u00fcr Zertifizierungsstellen bedeutet das Standardisierung, Innovation und gesteigerte Effizienz. Genie\u00dfen auch Sie diese Vorteile! Neu: GLOBALG.A.P. Module Intact Analytics &#8211; Schluss [&hellip;]<\/p>\n","protected":false},"author":35,"featured_media":0,"parent":0,"menu_order":0,"comment_status":"closed","ping_status":"closed","template":"","meta":{"_acf_changed":false,"footnotes":""},"class_list":["post-7042","page","type-page","status-publish","hentry"],"acf":[],"_links":{"self":[{"href":"https:\/\/intact-systems.com\/de\/wp-json\/wp\/v2\/pages\/7042","targetHints":{"allow":["GET"]}}],"collection":[{"href":"https:\/\/intact-systems.com\/de\/wp-json\/wp\/v2\/pages"}],"about":[{"href":"https:\/\/intact-systems.com\/de\/wp-json\/wp\/v2\/types\/page"}],"author":[{"embeddable":true,"href":"https:\/\/intact-systems.com\/de\/wp-json\/wp\/v2\/users\/35"}],"replies":[{"embeddable":true,"href":"https:\/\/intact-systems.com\/de\/wp-json\/wp\/v2\/comments?post=7042"}],"version-history":[{"count":3,"href":"https:\/\/intact-systems.com\/de\/wp-json\/wp\/v2\/pages\/7042\/revisions"}],"predecessor-version":[{"id":7752,"href":"https:\/\/intact-systems.com\/de\/wp-json\/wp\/v2\/pages\/7042\/revisions\/7752"}],"wp:attachment":[{"href":"https:\/\/intact-systems.com\/de\/wp-json\/wp\/v2\/media?parent=7042"}],"curies":[{"name":"wp","href":"https:\/\/api.w.org\/{rel}","templated":true}]}}