{"id":5689,"date":"2020-06-25T16:07:27","date_gmt":"2020-06-25T14:07:27","guid":{"rendered":"https:\/\/intact-systems.com\/?page_id=5689"},"modified":"2020-10-09T17:51:43","modified_gmt":"2020-10-09T15:51:43","slug":"kontakt-anfrage","status":"publish","type":"page","link":"https:\/\/intact-systems.com\/de\/kontakt-anfrage\/","title":{"rendered":"Kontakt Anfrage"},"content":{"rendered":"\n\n\n<section class=\"module module-form my-module-0 \" id=\"block_5f80870f9f42a\" >   <div class=\"container\">\n    <div class=\"row justify-content-md-center justify-content-lg-start\">\n      <div class=\"col-md-9 col-lg-4 offset-lg-1 text-col pr-lg-half-col\">\n        <div class=\"headline-wrapper\">\n          <h2 class=\"headline\">\nLassen Sie uns die n\u00e4chsten Schritte unternehmen und Ihre Anforderungen ermitteln.\n<\/h2>\n                      <span class=\"subline h2\">\n\n<\/span>\n                  <\/div>\n        <div class=\"text d-none d-lg-block\">\n<p>Unsere Experten nehmen sich gerne Ihrer Herausforderungen an und zeigen Ihnen, wie Sie diese mit Intacts Softwarel\u00f6sungen bravour\u00f6s meistern. <br><br>F\u00fcllen Sie einfach das\u00a0<strong>Formular<\/strong>\u00a0aus und wir k\u00fcmmern uns um den Rest. Nat\u00fcrlich k\u00f6nnen Sie uns auch anrufen \u2013 hier finden Sie unserer\u00a0<a href=\"https:\/\/intact-systems.com\/de\/niederlassungen\/\">lokalen L\u00e4ndernummern<\/a>. <\/p>\n<\/div>\n      <\/div>\n      <div class=\"col-lg-7 form-col\">\n        <div class=\"row justify-content-center\">\n          <div class=\"col-12 col-md-9 col-lg-10 form\">\n            \n              <div class=\"form-row form-info\">\n                <div class=\"col\">\n                  <span class=\"required-info\">*Erforderlich<\/span>\n                <\/div>\n              <\/div>\n            <\/div>\n          <\/div>\n\n        <\/div>\n        <div class=\"col-md-9 d-lg-none text-col\">\n          <div class=\"text\">\n<p>Unsere Experten nehmen sich gerne Ihrer Herausforderungen an und zeigen Ihnen, wie Sie diese mit Intacts Softwarel\u00f6sungen bravour\u00f6s meistern. <br><br>F\u00fcllen Sie einfach das\u00a0<strong>Formular<\/strong>\u00a0aus und wir k\u00fcmmern uns um den Rest. Nat\u00fcrlich k\u00f6nnen Sie uns auch anrufen \u2013 hier finden Sie unserer\u00a0<a href=\"https:\/\/intact-systems.com\/de\/niederlassungen\/\">lokalen L\u00e4ndernummern<\/a>. <\/p>\n<\/div>\n        <\/div>\n      <\/div>\n\n    <\/div>\n    <\/section>\n","protected":false},"excerpt":{"rendered":"","protected":false},"author":32,"featured_media":0,"parent":0,"menu_order":0,"comment_status":"closed","ping_status":"closed","template":"","meta":{"_acf_changed":false,"footnotes":""},"class_list":["post-5689","page","type-page","status-publish","hentry"],"acf":[],"_links":{"self":[{"href":"https:\/\/intact-systems.com\/de\/wp-json\/wp\/v2\/pages\/5689","targetHints":{"allow":["GET"]}}],"collection":[{"href":"https:\/\/intact-systems.com\/de\/wp-json\/wp\/v2\/pages"}],"about":[{"href":"https:\/\/intact-systems.com\/de\/wp-json\/wp\/v2\/types\/page"}],"author":[{"embeddable":true,"href":"https:\/\/intact-systems.com\/de\/wp-json\/wp\/v2\/users\/32"}],"replies":[{"embeddable":true,"href":"https:\/\/intact-systems.com\/de\/wp-json\/wp\/v2\/comments?post=5689"}],"version-history":[{"count":3,"href":"https:\/\/intact-systems.com\/de\/wp-json\/wp\/v2\/pages\/5689\/revisions"}],"predecessor-version":[{"id":6180,"href":"https:\/\/intact-systems.com\/de\/wp-json\/wp\/v2\/pages\/5689\/revisions\/6180"}],"wp:attachment":[{"href":"https:\/\/intact-systems.com\/de\/wp-json\/wp\/v2\/media?parent=5689"}],"curies":[{"name":"wp","href":"https:\/\/api.w.org\/{rel}","templated":true}]}}