{"id":3309,"date":"2019-11-13T14:24:17","date_gmt":"2019-11-13T13:24:17","guid":{"rendered":"https:\/\/intact-systems.com\/?page_id=3309"},"modified":"2024-09-20T11:07:19","modified_gmt":"2024-09-20T09:07:19","slug":"loesungen","status":"publish","type":"page","link":"https:\/\/intact-systems.com\/de\/loesungen\/","title":{"rendered":"L\u00f6sungen"},"content":{"rendered":"  <header class=\"page-header is-style-light \">\n\t<div class=\"image-row mb-lmd mb-lg-xxl\">\n\t\t<img decoding=\"async\"  srcset=\"https:\/\/intact-systems.com\/wp-content\/uploads\/2023\/11\/Loesungen_Page_Banner-min-720x200-c-default.png 720w, https:\/\/intact-systems.com\/wp-content\/uploads\/2023\/11\/Loesungen_Page_Banner-min-1440x400-c-default.png 1440w, https:\/\/intact-systems.com\/wp-content\/uploads\/2023\/11\/Loesungen_Page_Banner-min-2880x800-c-default.png 2880w, https:\/\/intact-systems.com\/wp-content\/uploads\/2023\/11\/Loesungen_Page_Banner-min.png 6000w\" src=\"data:image\/gif;base64,R0lGODlhAQABAIAAAAAAAP\/\/\/yH5BAEAAAAALAAAAAABAAEAAAIBRAA7\" sizes=\"100vw\" width=\"1440\" height=\"400\" alt=\"Intact L\u00f6sung\">\n\t<\/div>\n\t<div class=\"container \">\n\t\t<div class=\"row headline-row mb-lmd\">\n\t\t\t<div class=\"col\">\n\t\t\t\t<h1 class=\"line-before\">\nL\u00f6sungen\n<\/h1>\n\t\t\t\t\t\t\t<\/div>\n\t\t<\/div>\n\t\t<div class=\"row justify-content-center text-row\">\n\t\t\t<div class=\"col-lg-8 col-text\">\n\t\t\t\t\n<p>Intact bietet eine breite Palette modernster L\u00f6sungen zur Optimierung Ihrer Audit- und Zertifizierungsabl\u00e4ufe. Unsere innovative Software ist auf die unterschiedlichen Bed\u00fcrfnisse von Unternehmen in verschiedenen Branchen und L\u00e4ndern zugeschnitten. Wir haben den Anspruch und Ehrgeiz, immer hervorragende Leistungen zu erbringen.<br>Unsere L\u00f6sungen erm\u00f6glichen es Unternehmen, ihre Effizienz zu steigern, Sicherheit und Qualit\u00e4t zu maximieren und nachhaltiges Wachstum zu f\u00f6rdern.<br>Entdecken Sie, wie Intact Ihrem Unternehmen helfen kann, erfolgreich zu sein.<\/p>\n\n\t\t\t<\/div>\n\t\t<\/div>\n\t<\/div>\n<\/header>\n\n\n\n\n\n<section class=\"module module-link-card-grid is-style-landscape my-module-md \" id=\"block_66abcab89b34636b32c4e8016df82e76\" > \t<div class=\"container\">\n\t\t<div class=\"row justify-content-center text-row module-intro mb-md mb-md-lg module-intro\">\n  <div class=\"col-md-10 col-lg-8 text-center text-styles\"> \t\t\t\t\n\n<h2 class=\"wp-block-heading\">Wir haben die L\u00f6sung f\u00fcr Ihre Herausforderungen<\/h2>\n\n\n\t\t\t    <\/div>\n  <\/div>\n\t<\/div>\n\t\n\t\n\t<div class=\"grid-wrapper pb-module-lg\">\n\t\t<div class=\"container slider-container card-decks-container\">\n\t\t\t<div class=\"row\">\n\t\t\t\t<div class=\"col card-decks link-card-decks\">\n\t\t\t\t\t\t\t\t\t\t\t<div id=\"cards-\" class=\"card-deck-container\">\n\t\t\t\t\t\t\t<div class=\"card-deck-title\">\n\t\t\t\t\t\t\t\t<h3><\/h3>\n\t\t\t\t\t\t\t<\/div>\n\t\t\t\t\t\t\t<div class=\"card-deck link-card-deck landscape card-slider\" \n\t\t\t\t\t\t\t\tdata-slide-label=\"Elemente\"\n\t\t\t\t\t\t\t\trole=\"tabpanel\"\n\t\t\t\t\t\t\t\taria-labelledby=\"cardDeckSwitch-\">\n\t\t\t\t\t\t\t\t\n\t\t\t\t\t\t\t\t\t\t\t\t\t\t\t\t\t<div class=\"card link-card landscape-card \">\n\t\t\t\t\t\t\t\t\t\t<a class=\"card-link\" href=\"https:\/\/intact-systems.com\/de\/loesungen\/zertifizierungsstellen\/\"  title=\"Audits und Zertifizierung\" >\n\t\t\t\t\t\t\t\t\t\t\t\t\t\t\t\t\t\t\t\t\t\t<div class=\"card-body\">\n\t\t\t\t\t\t\t\t\t\t\t\t<span class=\"card-title\" data-link-url=\"https:\/\/intact-systems.com\/de\/loesungen\/zertifizierungsstellen\/\">Audits und Zertifizierung<\/span>\n\t\t\t\t\t\t\t\t\t\t\t\t<i class=\"fas fa-chevron-right angle\"><\/i>\n\t\t\t\t\t\t\t\t\t\t\t<\/div>\n\t\t\t\t\t\t\t\t\t\t<\/a>\n\t\t\t\t\t\t\t\t\t<\/div>\n\t\t\t\t\t\t\t\t\t\t\t\t\t\t\t\t\t<div class=\"card link-card landscape-card \">\n\t\t\t\t\t\t\t\t\t\t<a class=\"card-link\" href=\"https:\/\/intact-systems.com\/de\/loesungen\/akkreditierungsstellen\/\"  title=\"Akkreditierung\" >\n\t\t\t\t\t\t\t\t\t\t\t\t\t\t\t\t\t\t\t\t\t\t<div class=\"card-body\">\n\t\t\t\t\t\t\t\t\t\t\t\t<span class=\"card-title\" data-link-url=\"https:\/\/intact-systems.com\/de\/loesungen\/akkreditierungsstellen\/\">Akkreditierung<\/span>\n\t\t\t\t\t\t\t\t\t\t\t\t<i class=\"fas fa-chevron-right angle\"><\/i>\n\t\t\t\t\t\t\t\t\t\t\t<\/div>\n\t\t\t\t\t\t\t\t\t\t<\/a>\n\t\t\t\t\t\t\t\t\t<\/div>\n\t\t\t\t\t\t\t\t\t\t\t\t\t\t\t\t\t<div class=\"card link-card landscape-card \">\n\t\t\t\t\t\t\t\t\t\t<a class=\"card-link\" href=\"https:\/\/intact-systems.com\/de\/loesungen\/standard-setter\/\"  title=\"Standards\" >\n\t\t\t\t\t\t\t\t\t\t\t\t\t\t\t\t\t\t\t\t\t\t<div class=\"card-body\">\n\t\t\t\t\t\t\t\t\t\t\t\t<span class=\"card-title\" data-link-url=\"https:\/\/intact-systems.com\/de\/loesungen\/standard-setter\/\">Standards<\/span>\n\t\t\t\t\t\t\t\t\t\t\t\t<i class=\"fas fa-chevron-right angle\"><\/i>\n\t\t\t\t\t\t\t\t\t\t\t<\/div>\n\t\t\t\t\t\t\t\t\t\t<\/a>\n\t\t\t\t\t\t\t\t\t<\/div>\n\t\t\t\t\t\t\t\t\t\t\t\t\t\t\t\t\t<div class=\"card link-card landscape-card \">\n\t\t\t\t\t\t\t\t\t\t<a class=\"card-link\" href=\"https:\/\/intact-systems.com\/de\/loesungen\/internes-auditmanagement\/\"  title=\"Interne Audits\" >\n\t\t\t\t\t\t\t\t\t\t\t\t\t\t\t\t\t\t\t\t\t\t<div class=\"card-body\">\n\t\t\t\t\t\t\t\t\t\t\t\t<span class=\"card-title\" data-link-url=\"https:\/\/intact-systems.com\/de\/loesungen\/internes-auditmanagement\/\">Interne Audits<\/span>\n\t\t\t\t\t\t\t\t\t\t\t\t<i class=\"fas fa-chevron-right angle\"><\/i>\n\t\t\t\t\t\t\t\t\t\t\t<\/div>\n\t\t\t\t\t\t\t\t\t\t<\/a>\n\t\t\t\t\t\t\t\t\t<\/div>\n\t\t\t\t\t\t\t\t\t\t\t\t\t\t\t\t\t<div class=\"card link-card landscape-card \">\n\t\t\t\t\t\t\t\t\t\t<a class=\"card-link\" href=\"https:\/\/intact-systems.com\/de\/loesungen\/supplier-2nd-party-audits\/\"  title=\"Lieferanten-Audits\" >\n\t\t\t\t\t\t\t\t\t\t\t\t\t\t\t\t\t\t\t\t\t\t<div class=\"card-body\">\n\t\t\t\t\t\t\t\t\t\t\t\t<span class=\"card-title\" data-link-url=\"https:\/\/intact-systems.com\/de\/loesungen\/supplier-2nd-party-audits\/\">Lieferanten-Audits<\/span>\n\t\t\t\t\t\t\t\t\t\t\t\t<i class=\"fas fa-chevron-right angle\"><\/i>\n\t\t\t\t\t\t\t\t\t\t\t<\/div>\n\t\t\t\t\t\t\t\t\t\t<\/a>\n\t\t\t\t\t\t\t\t\t<\/div>\n\t\t\t\t\t\t\t\t\t\t\t\t\t\t\t\t\t<div class=\"card link-card landscape-card \">\n\t\t\t\t\t\t\t\t\t\t<a class=\"card-link\" href=\"https:\/\/intact-systems.com\/de\/loesungen\/data-business-analytics\/\"  title=\"Data &amp; Business Analytics\" >\n\t\t\t\t\t\t\t\t\t\t\t\t\t\t\t\t\t\t\t\t\t\t<div class=\"card-body\">\n\t\t\t\t\t\t\t\t\t\t\t\t<span class=\"card-title\" data-link-url=\"https:\/\/intact-systems.com\/de\/loesungen\/data-business-analytics\/\">Data &#038; Business Analytics<\/span>\n\t\t\t\t\t\t\t\t\t\t\t\t<i class=\"fas fa-chevron-right angle\"><\/i>\n\t\t\t\t\t\t\t\t\t\t\t<\/div>\n\t\t\t\t\t\t\t\t\t\t<\/a>\n\t\t\t\t\t\t\t\t\t<\/div>\n\t\t\t\t\t\t\t\t\t\t\t\t\t\t\t<\/div>\n\t\t\t\t\t\t<\/div>\n\t\t\t\t\t\t\t\t\t<\/div>\n\t\t\t<\/div>\n\t\t<\/div>\n\t<\/div>\n  <\/section>\n","protected":false},"excerpt":{"rendered":"","protected":false},"author":32,"featured_media":0,"parent":0,"menu_order":0,"comment_status":"closed","ping_status":"closed","template":"","meta":{"_acf_changed":false,"footnotes":""},"class_list":["post-3309","page","type-page","status-publish","hentry"],"acf":[],"_links":{"self":[{"href":"https:\/\/intact-systems.com\/de\/wp-json\/wp\/v2\/pages\/3309","targetHints":{"allow":["GET"]}}],"collection":[{"href":"https:\/\/intact-systems.com\/de\/wp-json\/wp\/v2\/pages"}],"about":[{"href":"https:\/\/intact-systems.com\/de\/wp-json\/wp\/v2\/types\/page"}],"author":[{"embeddable":true,"href":"https:\/\/intact-systems.com\/de\/wp-json\/wp\/v2\/users\/32"}],"replies":[{"embeddable":true,"href":"https:\/\/intact-systems.com\/de\/wp-json\/wp\/v2\/comments?post=3309"}],"version-history":[{"count":3,"href":"https:\/\/intact-systems.com\/de\/wp-json\/wp\/v2\/pages\/3309\/revisions"}],"predecessor-version":[{"id":18960,"href":"https:\/\/intact-systems.com\/de\/wp-json\/wp\/v2\/pages\/3309\/revisions\/18960"}],"wp:attachment":[{"href":"https:\/\/intact-systems.com\/de\/wp-json\/wp\/v2\/media?parent=3309"}],"curies":[{"name":"wp","href":"https:\/\/api.w.org\/{rel}","templated":true}]}}