{"id":2730,"date":"2019-10-15T15:57:57","date_gmt":"2019-10-15T13:57:57","guid":{"rendered":"https:\/\/intact-systems.com\/?page_id=2730"},"modified":"2020-10-09T17:51:52","modified_gmt":"2020-10-09T15:51:52","slug":"einwilligungserklarung-kontakt-und-demoanfrage","status":"publish","type":"page","link":"https:\/\/intact-systems.com\/de\/einwilligungserklarung-kontakt-und-demoanfrage\/","title":{"rendered":"Einwilligungserkl\u00e4rung \u2013 Kontakt- und Demoanfrage"},"content":{"rendered":"  <header class=\"page-header is-style-light \">\n\t<div class=\"image-row mb-lmd mb-lg-xxl\">\n\t\t<img >\n\t<\/div>\n\t<div class=\"container \">\n\t\t<div class=\"row headline-row mb-lmd\">\n\t\t\t<div class=\"col\">\n\t\t\t\t<h1 class=\"line-before\">\nEinwilligungserkl\u00e4rung: Kontakt, Demo, Download\n<\/h1>\n\t\t\t\t\t\t\t<\/div>\n\t\t<\/div>\n\t\t<div class=\"row justify-content-center text-row\">\n\t\t\t<div class=\"col-lg-8 col-text\">\n\t\t\t\t\n<p><\/p>\n\n\t\t\t<\/div>\n\t\t<\/div>\n\t<\/div>\n<\/header>\n\n\n\n\n\n<section class=\"module module-text my-module-md \" id=\"module-69f140aa83efb\" >       <div class=\"container\">\n      <div class=\"row justify-content-center\">\n        <div class=\"col-md-10 col-lg-8 text-col\">\n          \n<div class=\"wp-block-intact-text  text-styles\">\n<p>Ich willige hiermit ein, von der Intact GmbH Informationen \u00fcber meine Anfrage betreffende Themen, Produkte und Dienstleistungen per E-Mail sowie jede weitere von mir bekanntgegebene Kontaktm\u00f6glichkeit zu erhalten.<\/p>\n\n\n\n<p>Hiermit willige ich au\u00dferdem in die Erfassung, Speicherung und Verarbeitung meiner personenbezogenen Daten \u2013 Name, Vorname, E-Mail-Adresse, IP-Adresse (wird nur von LiveChat erfasst) \u2013 zu den oben genannten Zwecken ein und behalte mir das Recht vor, diese Einwilligung jederzeit mit Wirkung f\u00fcr die Zukunft zu widerrufen.<\/p>\n\n\n\n<p>Die Intact GmbH, Parkring 6, 8403 Lebring, \u00d6sterreich (nachfolgend \u201cIntact\u201d) ist f\u00fcr die Erfassung, Speicherung und Verarbeitung der personenbezogenen Daten verantwortlich. Intact kann meine personenbezogenen Daten an freie Mitarbeiter und Vertragspartner zur Verarbeitung im Rahmen der oben genannten Zwecke weitergeben. Die Weitergabe meiner personenbezogenen Daten an nicht beauftragte Dritte sowie der Verkauf meiner personenbezogenen Daten an Dritte ist ausgeschlossen. Weitere Informationen \u00fcber z.B. die Aufbewahrungsdauer von Daten finden Sie in der <a href=\"https:\/\/intact-systems.com\/de\/datenschutzerklarung\/\">Datenschutzerkl\u00e4rung<\/a>.<\/p>\n\n\n\n<p><strong>Widerruf meiner Einwilligung zur Speicherung und Nutzung meiner Daten<\/strong><\/p>\n\n\n\n<p>Diese Einwilligung kann ich jederzeit ganz oder teilweise (z.B. beschr\u00e4nkt auf die Nutzung meiner E-Mail-Adresse) schriftlich per Post an Intact GmbH, Marketing Dpt., Parkring 6, 8403 Lebring, \u00d6sterreich oder per E-Mail an <a href=\"mailto:marketing@intact-systems.com\">marketing@intact-systems.com<\/a> widerrufen. Der Widerruf der Einwilligung ber\u00fchrt nicht die Rechtm\u00e4\u00dfigkeit der Verarbeitung aufgrund dieser Einwilligung vor deren Widerruf.<\/p>\n\n\n\n<p>F\u00fcr Fragen zum Datenschutz steht Ihnen Intact per E-Mail unter <a href=\"mailto:marketing@intact-systems.com\">marketing@intact-systems.com<\/a> oder telefonisch unter +43 (0) 3182 52 403 zur Verf\u00fcgung.<\/p>\n\n\n\n<p><em>Stand: Oktober 2019<\/em><\/p>\n<\/div>\n\n        <\/div>\n      <\/div>\n    <\/div>\n  \n  <\/section>\n","protected":false},"excerpt":{"rendered":"<p>Ich willige hiermit ein, von der Intact GmbH Informationen \u00fcber meine Anfrage betreffende Themen, Produkte und Dienstleistungen per E-Mail sowie jede weitere von mir bekanntgegebene Kontaktm\u00f6glichkeit zu erhalten. Hiermit willige ich au\u00dferdem in die Erfassung, Speicherung und Verarbeitung meiner personenbezogenen Daten \u2013 Name, Vorname, E-Mail-Adresse, IP-Adresse (wird nur von LiveChat erfasst) \u2013 zu den oben [&hellip;]<\/p>\n","protected":false},"author":32,"featured_media":0,"parent":0,"menu_order":0,"comment_status":"closed","ping_status":"closed","template":"","meta":{"_acf_changed":false,"footnotes":""},"class_list":["post-2730","page","type-page","status-publish","hentry"],"acf":[],"_links":{"self":[{"href":"https:\/\/intact-systems.com\/de\/wp-json\/wp\/v2\/pages\/2730","targetHints":{"allow":["GET"]}}],"collection":[{"href":"https:\/\/intact-systems.com\/de\/wp-json\/wp\/v2\/pages"}],"about":[{"href":"https:\/\/intact-systems.com\/de\/wp-json\/wp\/v2\/types\/page"}],"author":[{"embeddable":true,"href":"https:\/\/intact-systems.com\/de\/wp-json\/wp\/v2\/users\/32"}],"replies":[{"embeddable":true,"href":"https:\/\/intact-systems.com\/de\/wp-json\/wp\/v2\/comments?post=2730"}],"version-history":[{"count":3,"href":"https:\/\/intact-systems.com\/de\/wp-json\/wp\/v2\/pages\/2730\/revisions"}],"predecessor-version":[{"id":4840,"href":"https:\/\/intact-systems.com\/de\/wp-json\/wp\/v2\/pages\/2730\/revisions\/4840"}],"wp:attachment":[{"href":"https:\/\/intact-systems.com\/de\/wp-json\/wp\/v2\/media?parent=2730"}],"curies":[{"name":"wp","href":"https:\/\/api.w.org\/{rel}","templated":true}]}}