{"id":25813,"date":"2026-02-05T11:20:04","date_gmt":"2026-02-05T10:20:04","guid":{"rendered":"https:\/\/intact-systems.com\/?page_id=25813"},"modified":"2026-02-05T11:20:06","modified_gmt":"2026-02-05T10:20:06","slug":"oasis-implementation","status":"publish","type":"page","link":"https:\/\/intact-systems.com\/de\/case-studies\/oasis-implementation\/","title":{"rendered":"OASIS Implementation\u00a0"},"content":{"rendered":"  <header class=\"page-header is-style-light \">\n\t<div class=\"image-row mb-lmd mb-lg-xxl\">\n\t\t<img decoding=\"async\"  src=\"https:\/\/intact-systems.com\/wp-content\/uploads\/2026\/02\/Oasis-Implementation_Website-Banner-2.svg\" width=\"1440\" height=\"400\" alt=\"OASIS Implementation Case Study banner\">\n\t<\/div>\n\t<div class=\"container \">\n\t\t<div class=\"row headline-row mb-lmd\">\n\t\t\t<div class=\"col\">\n\t\t\t\t<h1 class=\"line-before\">\n\n<\/h1>\n\t\t\t\t\t\t\t<\/div>\n\t\t<\/div>\n\t\t<div class=\"row justify-content-center text-row\">\n\t\t\t<div class=\"col-lg-8 col-text\">\n\t\t\t\t\n<div class=\"wp-block-intact-post-title text-styles\"><h1>OASIS Implementierungs-Case Study<\/h1><\/div>\n\n<p>Die <em>International Aerospace Quality Group<\/em> (IAQG\u00ae) ist eine globale Organisation von Luft- und Raumfahrt\u00adherstellern und -lieferanten, die gemeinsam daran arbeiten, Qualit\u00e4t, Sicherheit und Termintreue in der gesamten Branche zu verbessern. Um diese Mission im erforderlichen Ma\u00dfstab zu unterst\u00fctzen, ben\u00f6tigt die IAQG ein sicheres, belastbares digitales \u00d6kosystem, das alle Aspekte ihres Zertifizierungssystems abdeckt \u2013 von Audits und Zertifizierung \u00fcber Aufsicht und Feedback bis hin zur branchenweiten Kommunikation.<\/p>\n\n<ul class=\"wp-block-list is-style-bulletpoints\"><\/ul>\n\n\t\t\t<\/div>\n\t\t<\/div>\n\t<\/div>\n<\/header>\n\n\n\n\n\n<section class=\"module module-text my-module-md \" id=\"module-69d9e47d0023d\" >       <div class=\"container\">\n      <div class=\"row justify-content-center\">\n        <div class=\"col-md-10 col-lg-8 text-col\">\n          \n<div class=\"wp-block-intact-text text-styles\">\n<h2 class=\"wp-block-heading\"><strong>Hintergrund<\/strong><\/h2>\n\n\n\n<p>Die IAQG betreibt OASIS\u00ae, das ma\u00dfgebliche globale System f\u00fcr Zertifizierungen von Luft- und Raumfahrtlieferanten und zugeh\u00f6rige Auditdaten. Mit der wachsenden Reichweite und Komplexit\u00e4t des Zertifizierungssystems musste OASIS modernisiert werden, um einen tieferen Datenzugang, h\u00f6here Transparenz und eine langfristige Weiterentwicklung des Programms zu erm\u00f6glichen.<\/p>\n\n\n\n<p>Ziel war es nicht, lediglich eine veraltete Infrastruktur zu ersetzen, sondern ein umfassendes, zukunftsf\u00e4higes \u00d6kosystem zu schaffen, das sowohl den t\u00e4glichen Betrieb als auch zuk\u00fcnftige Anforderungen wie erweiterte Analysen, Benchmarking und Initiativen zur kontinuierlichen Verbesserung unterst\u00fctzt.<\/p>\n<\/div>\n\n        <\/div>\n      <\/div>\n    <\/div>\n  \n  <\/section>\n\n\n\n\n\n<section class=\"module module-text my-module-md \" id=\"module-69d9e47d00d46\" >       <div class=\"container\">\n      <div class=\"row justify-content-center\">\n        <div class=\"col-md-10 col-lg-8 text-col\">\n          \n<div class=\"wp-block-intact-text text-styles\">\n<h2 class=\"wp-block-heading\"><strong>Ziele und Herausforderungen<\/strong><\/h2>\n\n\n\n<p>Die IAQG ben\u00f6tigte mehr als eine reine Systemerneuerung. Gefordert war eine einheitliche, sichere Plattform, die s\u00e4mtliche operativen Aspekte des Luft- und Raumfahrt-Zertifizierungssystems abdeckt und gleichzeitig globale Konsistenz, Vertrauen und Aufsicht gew\u00e4hrleistet. Die Modernisierung musste den laufenden operativen Betrieb mit den langfristigen Anforderungen an strukturierte Daten, Transparenz und Skalierbarkeit in Einklang bringen.<\/p>\n\n\n\n<p>Gleichzeitig sollte die Plattform eine bessere Kommunikation und Feedback-Mechanismen zwischen Auditoren, Zertifizierungsstellen und der IAQG selbst erm\u00f6glichen und eine verl\u00e4ssliche Datenbasis f\u00fcr zuk\u00fcnftige Analysen und Erkenntnisse schaffen.<\/p>\n\n\n\n<p>Zentrale Ziele:<\/p>\n\n\n\n<ul class=\"wp-block-list\">\n<li>Eine sichere, skalierbare Plattform zur Unterst\u00fctzung des gesamten Zertifizierungslebenszyklus<\/li>\n\n\n\n<li>Strukturierter, rollenbasierter Zugriff auf detaillierte Audit- und Zertifizierungsdaten<\/li>\n\n\n\n<li>Verbesserte Feedback-Schleifen zwischen Auditoren, Zertifizierungsstellen und Aufsichtsfunktionen<\/li>\n\n\n\n<li>Eine einheitliche Datenbasis zur Unterst\u00fctzung zuk\u00fcnftiger Analysen, Benchmarks und KI-gest\u00fctzter Erkenntnisse<\/li>\n<\/ul>\n<\/div>\n\n        <\/div>\n      <\/div>\n    <\/div>\n  \n  <\/section>\n\n\n\n\n\n<section class=\"module module-text my-module-md \" id=\"module-69d9e47d017fd\" >       <div class=\"container\">\n      <div class=\"row justify-content-center\">\n        <div class=\"col-md-10 col-lg-8 text-col\">\n          \n<div class=\"wp-block-intact-text text-styles\">\n<h2 class=\"wp-block-heading\"><strong>Die L\u00f6sung<\/strong><\/h2>\n\n\n\n<p>Intact realisierte eine moderne, vollst\u00e4ndig integrierte OASIS-Plattform, die als operatives R\u00fcckgrat des Zertifizierungs\u00f6kosystems der IAQG fungiert. Anstatt einzelne funktionale L\u00fccken isoliert zu schlie\u00dfen, lag der Fokus der Implementierung auf der Schaffung eines koh\u00e4renten Gesamtsystems, das den Zertifizierungsprozess Ende-zu-Ende unterst\u00fctzt und gleichzeitig Datenintegrit\u00e4t sowie langfristige Anpassungsf\u00e4higkeit sicherstellt.<\/p>\n\n\n\n<p>Die Plattform wurde so konzipiert, dass sie den heutigen operativen Anforderungen gerecht wird und gleichzeitig zuk\u00fcnftige Funktionen wie Benchmarking, Analysen und KI-gest\u00fctzte Erkenntnisse erm\u00f6glicht \u2013 ohne strukturelle Nacharbeiten zu erfordern.<\/p>\n\n\n\n<p>Implementierungsbausteine:<\/p>\n\n\n\n<ul class=\"wp-block-list\">\n<li>Ein umfassendes globales Verzeichnis von Lieferanten und Zertifizierungsstellen<\/li>\n\n\n\n<li>Sicherer Zugriff auf Auditdaten der Stufe 2 mit rollenbasierten Berechtigungen<\/li>\n\n\n\n<li>Ein integriertes Feedback-Tool zur Unterst\u00fctzung von Aufsicht und Kommunikation<\/li>\n\n\n\n<li>Eine strukturierte, zukunftssichere Datenarchitektur im Einklang mit AIMM\u00ae und SCMH\u00ae<\/li>\n<\/ul>\n<\/div>\n\n        <\/div>\n      <\/div>\n    <\/div>\n  \n  <\/section>\n\n\n\n\n\n<section class=\"module module-text my-module-md \" id=\"module-69d9e47d0200b\" >       <div class=\"container\">\n      <div class=\"row justify-content-center\">\n        <div class=\"col-md-10 col-lg-8 text-col\">\n          \n<div class=\"wp-block-intact-text text-styles\">\n<h2 class=\"wp-block-heading\"><strong>Wirkung<\/strong><\/h2>\n\n\n\n<p>Die modernisierte OASIS-Plattform hat die Aufsicht f\u00fcr die IAQG vereinfacht, das Engagement der Zertifizierungsstellen erh\u00f6ht und die Qualit\u00e4t, Konsistenz und Verf\u00fcgbarkeit von Auditdaten im gesamten \u00d6kosystem verbessert. Vor allem wurde damit die Grundlage f\u00fcr fortschrittliche Funktionen wie <strong>OASIS Insights<\/strong> geschaffen, sodass sich das Zertifizierungssystem kontinuierlich weiterentwickeln und mit den Erwartungen der Branche sowie technologischen Innovationen Schritt halten kann.<\/p>\n<\/div>\n\n        <\/div>\n      <\/div>\n    <\/div>\n  \n  <\/section>\n\n\n\n\n\n<section class=\"module module-text my-module-md \" id=\"module-69d9e47d03263\" >       <div class=\"container\">\n      <div class=\"row justify-content-center\">\n        <div class=\"col-md-10 col-lg-8 text-col\">\n          \n<div class=\"wp-block-intact-text text-styles\">\n<h2 class=\"wp-block-heading\"><strong>Stimmen<\/strong><\/h2>\n\n\n<blockquote id=\"module-69d9e47d02b86\" class=\"\">\n\t<div class=\"quote\">\n<p>\u201eOASIS hat uns die Grundlage gegeben, die wir brauchten \u2013 strukturierte Daten, bessere Werkzeuge und die F\u00e4higkeit, das Luft- und Raumfahrt-Zertifizierungs\u00f6kosystem kontinuierlich zu verbessern.\u201c<\/p>\n<\/div>\n\t<footer>\n\t\t\t\t\t\t\t<span class=\"quote-author-position\">IAQG Representative<\/span>\n\t\t\t<\/footer>\n\n<\/blockquote>\n\n\n\n<div class=\"wp-block-button\"><a class=\"wp-block-button__link wp-element-button\" href=\"https:\/\/intact-systems.com\/de\/?page_id=25810\">OASIS Insights-Case study lesen<\/a><\/div>\n<\/div>\n\n        <\/div>\n      <\/div>\n    <\/div>\n  \n  <\/section>\n","protected":false},"excerpt":{"rendered":"<p>Hintergrund Die IAQG betreibt OASIS\u00ae, das ma\u00dfgebliche globale System f\u00fcr Zertifizierungen von Luft- und Raumfahrtlieferanten und zugeh\u00f6rige Auditdaten. Mit der wachsenden Reichweite und Komplexit\u00e4t des Zertifizierungssystems musste OASIS modernisiert werden, um einen tieferen Datenzugang, h\u00f6here Transparenz und eine langfristige Weiterentwicklung des Programms zu erm\u00f6glichen. Ziel war es nicht, lediglich eine veraltete Infrastruktur zu ersetzen, sondern [&hellip;]<\/p>\n","protected":false},"author":42,"featured_media":0,"parent":3321,"menu_order":0,"comment_status":"closed","ping_status":"closed","template":"","meta":{"_acf_changed":false,"footnotes":""},"class_list":["post-25813","page","type-page","status-publish","hentry"],"acf":[],"_links":{"self":[{"href":"https:\/\/intact-systems.com\/de\/wp-json\/wp\/v2\/pages\/25813","targetHints":{"allow":["GET"]}}],"collection":[{"href":"https:\/\/intact-systems.com\/de\/wp-json\/wp\/v2\/pages"}],"about":[{"href":"https:\/\/intact-systems.com\/de\/wp-json\/wp\/v2\/types\/page"}],"author":[{"embeddable":true,"href":"https:\/\/intact-systems.com\/de\/wp-json\/wp\/v2\/users\/42"}],"replies":[{"embeddable":true,"href":"https:\/\/intact-systems.com\/de\/wp-json\/wp\/v2\/comments?post=25813"}],"version-history":[{"count":3,"href":"https:\/\/intact-systems.com\/de\/wp-json\/wp\/v2\/pages\/25813\/revisions"}],"predecessor-version":[{"id":25906,"href":"https:\/\/intact-systems.com\/de\/wp-json\/wp\/v2\/pages\/25813\/revisions\/25906"}],"up":[{"embeddable":true,"href":"https:\/\/intact-systems.com\/de\/wp-json\/wp\/v2\/pages\/3321"}],"wp:attachment":[{"href":"https:\/\/intact-systems.com\/de\/wp-json\/wp\/v2\/media?parent=25813"}],"curies":[{"name":"wp","href":"https:\/\/api.w.org\/{rel}","templated":true}]}}