{"id":25810,"date":"2026-02-18T13:37:49","date_gmt":"2026-02-18T12:37:49","guid":{"rendered":"https:\/\/intact-systems.com\/?page_id=25810"},"modified":"2026-02-18T13:37:51","modified_gmt":"2026-02-18T12:37:51","slug":"case-study-oasis-insights","status":"publish","type":"page","link":"https:\/\/intact-systems.com\/de\/case-studies\/case-study-oasis-insights\/","title":{"rendered":"Case Study: OASIS Insights\u00a0"},"content":{"rendered":"  <header class=\"page-header is-style-light \">\n\t<div class=\"image-row mb-lmd mb-lg-xxl\">\n\t\t<img decoding=\"async\"  src=\"https:\/\/intact-systems.com\/wp-content\/uploads\/2026\/01\/IAQG-Case-Study-Website-Banner.svg\" width=\"1440\" height=\"399\" alt=\"IAQG OASIS Insights banner\">\n\t<\/div>\n\t<div class=\"container \">\n\t\t<div class=\"row headline-row mb-lmd\">\n\t\t\t<div class=\"col\">\n\t\t\t\t<h1 class=\"line-before\">\n\n<\/h1>\n\t\t\t\t\t\t\t<\/div>\n\t\t<\/div>\n\t\t<div class=\"row justify-content-center text-row\">\n\t\t\t<div class=\"col-lg-8 col-text\">\n\t\t\t\t\n<div class=\"wp-block-intact-post-title text-styles\"><h1>OASIS Insights \u2013 Case Study<\/h1><\/div>\n\n<p>In der Luft- und Raumfahrtindustrie sind Audits unverzichtbar. Ohne Kontext, Vergleich und Interpretation bleiben Auditergebnisse jedoch h\u00e4ufig isolierte Einzelereignisse. Die IAQG hat es sich zum Ziel gesetzt, dies zu \u00e4ndern, indem sie Auditdaten in fundierte Erkenntnisse \u00fcbersetzen, die Lieferanten st\u00e4rken, das Vertrauen in der Lieferkette erh\u00f6hen und die Glaubw\u00fcrdigkeit des Zertifizierungssystems festigen.<\/p>\n\n<ul class=\"wp-block-list is-style-bulletpoints\"><\/ul>\n\n\t\t\t<\/div>\n\t\t<\/div>\n\t<\/div>\n<\/header>\n\n\n\n\n\n<section class=\"module module-text my-module-xs \" id=\"module-69d35249e2cf1\" >       <div class=\"container\">\n      <div class=\"row justify-content-center\">\n        <div class=\"col-md-10 col-lg-8 text-col\">\n          \n<div class=\"wp-block-intact-text text-styles\">\n<h2 class=\"wp-block-heading has-h-2-font-size\"><strong>Hintergrund<\/strong><\/h2>\n\n\n\n<p>Auf Basis der Plattform Online Aerospace Supplier Information System (<a href=\"https:\/\/oasis.iaqg.org\/Login.aspx\" data-type=\"link\" data-id=\"https:\/\/oasis.iaqg.org\/Login.aspx\">OASIS<\/a>\u00ae) ist OASIS Insights\u2122 eine leistungsstarke Benchmarking- und Analysefunktion, die gemeinsam von der IAQG und Intact entwickelt wurde. Sie nutzt das weltweit gr\u00f6\u00dfte Repository f\u00fcr Zertifizierungs- und Auditdaten der Luft- und Raumfahrt, um Lieferanten und ihren Partnern aussagekr\u00e4ftigen Kontext zu Leistung, Trends und Verbesserungspotenzialen bereitzustellen.<\/p>\n\n\n\n<p>Mit der Einf\u00fchrung von OASIS Insights Version 3.0.0 wurde die IAQG zum weltweit ersten Zertifizierungs\u00f6kosystem, das KI in gro\u00dfem Ma\u00dfstab zur Analyse globaler Auditdaten einsetzt.<\/p>\n<\/div>\n\n        <\/div>\n      <\/div>\n    <\/div>\n  \n  <\/section>\n\n\n\n\n\n<section class=\"module module-text my-module-xs \" id=\"module-69d35249e3a03\" >       <div class=\"container\">\n      <div class=\"row justify-content-center\">\n        <div class=\"col-md-10 col-lg-8 text-col\">\n          \n<div class=\"wp-block-intact-text text-styles\">\n<h2 class=\"wp-block-heading has-h-2-font-size\"><strong>Ziele und Herausforderungen<\/strong><\/h2>\n\n\n\n<p>Die IAQG wollte sicherstellen, dass Auditdaten auch \u00fcber das eigentliche Auditereignis hinaus einen nachhaltigen Mehrwert liefern. Lieferanten ben\u00f6tigten eine M\u00f6glichkeit, ihre Leistung im Kontext zu verstehen, w\u00e4hrend Partner in der Lieferkette sowie Spezifizierer mehr Transparenz in Zertifizierungsergebnisse forderten.<\/p>\n\n\n\n<p>Die zentrale Herausforderung bestand darin, komplexe, globale Auditdaten in Erkenntnisse zu \u00fcberf\u00fchren, die vertrauensw\u00fcrdig, vergleichbar und unmittelbar umsetzbar sind \u2013 ohne zus\u00e4tzliche Kosten oder administrativen Aufwand f\u00fcr die Teilnehmenden im OASIS-\u00d6kosystem.<\/p>\n\n\n\n<p>Programmziele:<\/p>\n\n\n\n<ul class=\"wp-block-list\">\n<li>Klare, kontextualisierte Einblicke in die Auditperformance von Lieferanten<\/li>\n\n\n\n<li>Aussagekr\u00e4ftiges Benchmarking \u00fcber vergleichbare Organisationen und Audits hinweg<\/li>\n\n\n\n<li>Erh\u00f6hte Transparenz und gr\u00f6\u00dferes Vertrauen f\u00fcr Partner in der Lieferkette und Spezifizierer<\/li>\n\n\n\n<li>Direkte Verkn\u00fcpfung von Auditergebnissen mit kontinuierlichen Verbesserungsframeworks<\/li>\n<\/ul>\n<\/div>\n\n        <\/div>\n      <\/div>\n    <\/div>\n  \n  <\/section>\n\n\n\n\n\n<section class=\"module module-text my-module-xs \" id=\"module-69d35249e4223\" >       <div class=\"container\">\n      <div class=\"row justify-content-center\">\n        <div class=\"col-md-10 col-lg-8 text-col\">\n          \n<div class=\"wp-block-intact-text text-styles\">\n<h2 class=\"wp-block-heading has-h-2-font-size\"><strong>Die L\u00f6sung<\/strong><\/h2>\n\n\n\n<p>Intact implementierte innerhalb von OASIS eine fortschrittliche Benchmarking- und Analysefunktion, die mit jedem abgeschlossenen Audit automatisch Erkenntnisse liefert. OASIS Insights wandelt rohe Auditergebnisse in strukturierte Berichte um, die Benchmarking, Trendanalysen und KI-gest\u00fctzte Interpretation kombinieren.<\/p>\n\n\n\n<p>Mit Version 3.0.0 setzt OASIS Insights KI weltweit in gro\u00dfem Ma\u00dfstab ein, um Daten zu analysieren, konsistente Zusammenfassungen bereitzustellen und Anwendern dabei zu helfen, Muster, St\u00e4rken und Verbesserungsbereiche schnell zu identifizieren.<\/p>\n\n\n\n<p>Zentrale Funktionen:<\/p>\n\n\n\n<ul class=\"wp-block-list\">\n<li>Strukturierte Leistungsbenchmarks auf Basis relevanter Peer-Gruppen<\/li>\n\n\n\n<li>Visuelle Dashboards zu Zertifizierungstrends, Audithistorie, Feststellungen und Abschlussleistung<\/li>\n\n\n\n<li>KI-gest\u00fctzte Analysen und Zusammenfassungen f\u00fcr eine schnellere Interpretation der Ergebnisse<\/li>\n\n\n\n<li>Direkte Ausrichtung an <a href=\"https:\/\/aimm.iaqg.org\/\" data-type=\"link\" data-id=\"https:\/\/aimm.iaqg.org\/\">AIMM\u00ae<\/a> und <a href=\"https:\/\/scmh.iaqg.org\/\" data-type=\"link\" data-id=\"https:\/\/scmh.iaqg.org\/\">SCMH\u00ae<\/a> zur Unterst\u00fctzung gezielter Verbesserungsma\u00dfnahmen<\/li>\n<\/ul>\n<\/div>\n\n        <\/div>\n      <\/div>\n    <\/div>\n  \n  <\/section>\n\n\n\n\n\n<section class=\"module module-text my-module-xs \" id=\"module-69d35249e4990\" >       <div class=\"container\">\n      <div class=\"row justify-content-center\">\n        <div class=\"col-md-10 col-lg-8 text-col\">\n          \n<div class=\"wp-block-intact-text text-styles\">\n<h2 class=\"wp-block-heading has-h-2-font-size\"><strong>Wirkung<\/strong><\/h2>\n\n\n\n<p>Mit OASIS Insights erhalten Lieferanten ein deutlich besseres Verst\u00e4ndnis ihrer Leistung im Kontext. Dies erm\u00f6glicht fundiertere Entscheidungen, fokussierte Verbesserungsinitiativen und eine st\u00e4rkere Zusammenarbeit mit Kunden und Partnern.<\/p>\n\n\n\n<p>Stakeholder in der Lieferkette profitieren von gr\u00f6\u00dferer Transparenz und h\u00f6herem Vertrauen in Zertifizierungsergebnisse, w\u00e4hrend das Zertifizierungs\u00f6kosystem insgesamt eine gemeinsame, datenbasierte Sprache f\u00fcr Leistung und kontinuierliche Verbesserung gewinnt.<\/p>\n<\/div>\n\n        <\/div>\n      <\/div>\n    <\/div>\n  \n  <\/section>\n\n\n\n\n\n<section class=\"module module-text my-module-xs \" id=\"module-69d35249e59da\" >       <div class=\"container\">\n      <div class=\"row justify-content-center\">\n        <div class=\"col-md-10 col-lg-8 text-col\">\n          \n<div class=\"wp-block-intact-text text-styles\">\n<h2 class=\"wp-block-heading has-h-2-font-size\">Stimmen<\/h2>\n\n\n<blockquote id=\"module-69d35249e5363\" class=\"\">\n\t<div class=\"quote\">\n<p>\u201eDurch die Integration von Benchmarking in OASIS haben wir ein lebendiges System f\u00fcr kontinuierliche Verbesserung geschaffen. Spezifizierer erhalten das notwendige Vertrauen, und das \u00d6kosystem gewinnt eine gemeinsame Sprache f\u00fcr Leistung.\u201c<\/p>\n<\/div>\n\t<footer>\n\t\t\t\t\t\t\t<span class=\"quote-author-position\">Jake Lewin, U.S. CEO, Intact\u00a0<\/span>\n\t\t\t<\/footer>\n\n<\/blockquote>\n\n\n\n<div class=\"wp-block-button\"><a class=\"wp-block-button__link wp-element-button\" href=\"https:\/\/intact-systems.com\/de\/case-studies\/oasis-implementation\/\">OASIS Implementierungs-CASeSTUdy lesen<\/a><\/div>\n<\/div>\n\n        <\/div>\n      <\/div>\n    <\/div>\n  \n  <\/section>\n","protected":false},"excerpt":{"rendered":"<p>Hintergrund Auf Basis der Plattform Online Aerospace Supplier Information System (OASIS\u00ae) ist OASIS Insights\u2122 eine leistungsstarke Benchmarking- und Analysefunktion, die gemeinsam von der IAQG und Intact entwickelt wurde. Sie nutzt das weltweit gr\u00f6\u00dfte Repository f\u00fcr Zertifizierungs- und Auditdaten der Luft- und Raumfahrt, um Lieferanten und ihren Partnern aussagekr\u00e4ftigen Kontext zu Leistung, Trends und Verbesserungspotenzialen bereitzustellen. [&hellip;]<\/p>\n","protected":false},"author":42,"featured_media":0,"parent":3321,"menu_order":0,"comment_status":"closed","ping_status":"closed","template":"","meta":{"_acf_changed":false,"footnotes":""},"class_list":["post-25810","page","type-page","status-publish","hentry"],"acf":[],"_links":{"self":[{"href":"https:\/\/intact-systems.com\/de\/wp-json\/wp\/v2\/pages\/25810","targetHints":{"allow":["GET"]}}],"collection":[{"href":"https:\/\/intact-systems.com\/de\/wp-json\/wp\/v2\/pages"}],"about":[{"href":"https:\/\/intact-systems.com\/de\/wp-json\/wp\/v2\/types\/page"}],"author":[{"embeddable":true,"href":"https:\/\/intact-systems.com\/de\/wp-json\/wp\/v2\/users\/42"}],"replies":[{"embeddable":true,"href":"https:\/\/intact-systems.com\/de\/wp-json\/wp\/v2\/comments?post=25810"}],"version-history":[{"count":2,"href":"https:\/\/intact-systems.com\/de\/wp-json\/wp\/v2\/pages\/25810\/revisions"}],"predecessor-version":[{"id":26355,"href":"https:\/\/intact-systems.com\/de\/wp-json\/wp\/v2\/pages\/25810\/revisions\/26355"}],"up":[{"embeddable":true,"href":"https:\/\/intact-systems.com\/de\/wp-json\/wp\/v2\/pages\/3321"}],"wp:attachment":[{"href":"https:\/\/intact-systems.com\/de\/wp-json\/wp\/v2\/media?parent=25810"}],"curies":[{"name":"wp","href":"https:\/\/api.w.org\/{rel}","templated":true}]}}