{"id":2412,"date":"2019-10-11T08:37:26","date_gmt":"2019-10-11T06:37:26","guid":{"rendered":"https:\/\/intact-systems.com\/?page_id=2412"},"modified":"2020-10-09T17:51:53","modified_gmt":"2020-10-09T15:51:53","slug":"einwilligungserklarung-newsletteranmeldung","status":"publish","type":"page","link":"https:\/\/intact-systems.com\/de\/einwilligungserklarung-newsletteranmeldung\/","title":{"rendered":"Einwilligungserkl\u00e4rung \u2013 Newsletteranmeldung"},"content":{"rendered":"\n\n\n<section class=\"module module-text my-module-md \" id=\"module-69e3477fe67e9\" >       <div class=\"container\">\n      <div class=\"row justify-content-center\">\n        <div class=\"col-md-10 col-lg-8 text-col\">\n          \n<div class=\"wp-block-intact-text  text-styles\">\n<h1 class=\"wp-block-heading\"> Einwilligungserkl\u00e4rung&nbsp;\u2013 Newsletteranmeldung<\/h1>\n\n\n\n<p>Ich willige hiermit ein, von der Intact GmbH regelm\u00e4\u00dfig Informationen \u00fcber ihre Produkte und Dienstleistungen, Neuigkeiten und Blog-Artikel sowie Einladungen zu Veranstaltungen oder Konferenzen per E-Mail zu erhalten.<\/p>\n\n\n\n<p>Hiermit willige ich au\u00dferdem in die Erfassung, Speicherung und Verarbeitung meiner personenbezogenen Daten (Name, Vorname, E-Mail-Adresse) zu den oben genannten Zwecken ein und behalte mir das Recht vor, diese Einwilligung jederzeit mit Wirkung f\u00fcr die Zukunft zu widerrufen.<\/p>\n\n\n\n<p>Die Intact GmbH, Parkring 6, 8403 Lebring, \u00d6sterreich (nachfolgend \u201cIntact\u201d) ist f\u00fcr die Erfassung, Speicherung und Verarbeitung der personenbezogenen Daten verantwortlich. Intact kann meine personenbezogenen Daten an freie Mitarbeiter und Vertragspartner zur Verarbeitung im Rahmen der oben genannten Zwecke weitergeben. Die Weitergabe meiner personenbezogenen Daten an nicht beauftragte Dritte sowie der Verkauf meiner personenbezogenen Daten an Dritte ist ausgeschlossen. Weitere Informationen \u00fcber z.B. die Aufbewahrungsdauer von Daten finden Sie in der <a href=\"https:\/\/intact-systems.com\/de\/datenschutzerklarung\/\">Datenschutzerkl\u00e4rung<\/a>.<\/p>\n\n\n\n<p><strong>Widerruf meiner Einwilligung zur Speicherung und Nutzung meiner Daten<\/strong><\/p>\n\n\n\n<p>Diese Einwilligung kann ich jederzeit ganz oder teilweise (z.B. beschr\u00e4nkt auf die Nutzung meiner E-Mail-Adresse) schriftlich per Post an Intact GmbH, Marketing Dpt., Parkring 6, 8403 Lebring, \u00d6sterreich oder per E-Mail an <a href=\"mailto:marketing@intact-systems.com\">marketing@intact-systems.com<\/a> widerrufen. Der Widerruf der Einwilligung ber\u00fchrt nicht die Rechtm\u00e4\u00dfigkeit der Verarbeitung aufgrund dieser Einwilligung vor deren Widerruf.<\/p>\n\n\n\n<p>Zus\u00e4tzlich kann ich diese Einwilligung teilweise widerrufen und mich von allen zuk\u00fcnftigen Marketing-E-Mails abmelden, indem ich auf den Abmeldelink in einer der Marketing-E-Mails von Intact klicke.<\/p>\n\n\n\n<p>F\u00fcr Fragen zum Datenschutz steht Ihnen Intact per E-Mail unter <a href=\"mailto:marketing@intact-systems.com\">marketing@intact-systems.com<\/a> oder telefonisch unter +43 (0) 3182 52 403 zur Verf\u00fcgung.<\/p>\n\n\n\n<p>S<em>tand: Oktober 2019<\/em><\/p>\n<\/div>\n\n        <\/div>\n      <\/div>\n    <\/div>\n  \n  <\/section>\n","protected":false},"excerpt":{"rendered":"<p>Einwilligungserkl\u00e4rung&nbsp;\u2013 Newsletteranmeldung Ich willige hiermit ein, von der Intact GmbH regelm\u00e4\u00dfig Informationen \u00fcber ihre Produkte und Dienstleistungen, Neuigkeiten und Blog-Artikel sowie Einladungen zu Veranstaltungen oder Konferenzen per E-Mail zu erhalten. Hiermit willige ich au\u00dferdem in die Erfassung, Speicherung und Verarbeitung meiner personenbezogenen Daten (Name, Vorname, E-Mail-Adresse) zu den oben genannten Zwecken ein und behalte mir [&hellip;]<\/p>\n","protected":false},"author":32,"featured_media":0,"parent":0,"menu_order":0,"comment_status":"closed","ping_status":"closed","template":"","meta":{"_acf_changed":false,"footnotes":""},"class_list":["post-2412","page","type-page","status-publish","hentry"],"acf":[],"_links":{"self":[{"href":"https:\/\/intact-systems.com\/de\/wp-json\/wp\/v2\/pages\/2412","targetHints":{"allow":["GET"]}}],"collection":[{"href":"https:\/\/intact-systems.com\/de\/wp-json\/wp\/v2\/pages"}],"about":[{"href":"https:\/\/intact-systems.com\/de\/wp-json\/wp\/v2\/types\/page"}],"author":[{"embeddable":true,"href":"https:\/\/intact-systems.com\/de\/wp-json\/wp\/v2\/users\/32"}],"replies":[{"embeddable":true,"href":"https:\/\/intact-systems.com\/de\/wp-json\/wp\/v2\/comments?post=2412"}],"version-history":[{"count":1,"href":"https:\/\/intact-systems.com\/de\/wp-json\/wp\/v2\/pages\/2412\/revisions"}],"predecessor-version":[{"id":2413,"href":"https:\/\/intact-systems.com\/de\/wp-json\/wp\/v2\/pages\/2412\/revisions\/2413"}],"wp:attachment":[{"href":"https:\/\/intact-systems.com\/de\/wp-json\/wp\/v2\/media?parent=2412"}],"curies":[{"name":"wp","href":"https:\/\/api.w.org\/{rel}","templated":true}]}}