{"id":23324,"date":"2025-07-18T19:52:21","date_gmt":"2025-07-18T17:52:21","guid":{"rendered":"https:\/\/intact-systems.com\/aib-international-x-intact-driving-audit-transparency-efficiency\/"},"modified":"2025-07-18T21:10:14","modified_gmt":"2025-07-18T19:10:14","slug":"aib-international-x-intact-driving-audit-transparency-efficiency","status":"publish","type":"page","link":"https:\/\/intact-systems.com\/de\/aib-international-x-intact-driving-audit-transparency-efficiency\/","title":{"rendered":"AIB International x Intact: Driving Audit Transparency &amp; Efficiency"},"content":{"rendered":"  <header class=\"page-header is-style-light \">\n\t<div class=\"image-row mb-lmd mb-lg-xxl\">\n\t\t<img decoding=\"async\"  srcset=\"https:\/\/intact-systems.com\/wp-content\/uploads\/2025\/07\/2566-54-Intact-AIBI-Webinar-Graphics-180725-2_Website-Banner-1440x400-1-720x200-c-default.jpg 720w, https:\/\/intact-systems.com\/wp-content\/uploads\/2025\/07\/2566-54-Intact-AIBI-Webinar-Graphics-180725-2_Website-Banner-1440x400-1-1440x400-c-default.jpg 1440w, https:\/\/intact-systems.com\/wp-content\/uploads\/2025\/07\/2566-54-Intact-AIBI-Webinar-Graphics-180725-2_Website-Banner-1440x400-1-2880x800-c-default.jpg 2880w, https:\/\/intact-systems.com\/wp-content\/uploads\/2025\/07\/2566-54-Intact-AIBI-Webinar-Graphics-180725-2_Website-Banner-1440x400-1.jpg 3000w\" src=\"data:image\/gif;base64,R0lGODlhAQABAIAAAAAAAP\/\/\/yH5BAEAAAAALAAAAAABAAEAAAIBRAA7\" sizes=\"100vw\" width=\"1440\" height=\"400\" alt=\"AIBI Webinar\">\n\t<\/div>\n\t<div class=\"container \">\n\t\t<div class=\"row headline-row mb-lmd\">\n\t\t\t<div class=\"col\">\n\t\t\t\t<h1 class=\"line-before\">\n\n<\/h1>\n\t\t\t\t\t\t\t<\/div>\n\t\t<\/div>\n\t\t<div class=\"row justify-content-center text-row\">\n\t\t\t<div class=\"col-lg-8 col-text\">\n\t\t\t\t\n<div class=\"wp-block-intact-post-title text-styles\"><h1>AIB International x Intact: Driving Audit Transparency &amp; Efficiency<\/h1><\/div>\n\n<p>Nehmen Sie an einer Live-Sitzung mit unserem Kunden AIB International teil und erfahren Sie, wie sie mit der Intact Plattform mehr als 10.000 Audits pro Jahr in \u00fcber 120 L\u00e4ndern verwalten. Erfahren Sie, wie das Unternehmen seine Abl\u00e4ufe rationalisiert, die Effizienz verbessert und seine globalen Zertifizierungsprogramme skaliert hat.<\/p>\n\n<ul class=\"wp-block-list is-style-bulletpoints\"><\/ul>\n\n\t\t\t<\/div>\n\t\t<\/div>\n\t<\/div>\n<\/header>\n\n\n\n\n\n<section class=\"module module-text my-module-xs \" id=\"module-69e729dcb3b89\" >       <div class=\"container\">\n      <div class=\"row justify-content-center\">\n        <div class=\"col-md-10 col-lg-8 text-col\">\n          \n<div class=\"wp-block-intact-text text-styles\">\n<h2 class=\"wp-block-heading has-h-2-font-size\">Was Sie erwarten k\u00f6nnen<\/h2>\n\n\n\n<div class=\"wp-block-columns bulletpoints-wrapper is-layout-flex wp-container-core-columns-is-layout-28f84493 wp-block-columns-is-layout-flex\">\n<div class=\"wp-block-column left is-layout-flow wp-block-column-is-layout-flow\">\n<ul class=\"wp-block-list is-style-bulletpoints\">\n<li>Wie AIB International Pr\u00fcfungen digitalisiert und standardisiert hat<\/li>\n\n\n\n<li>Wichtige Funktionen f\u00fcr die Verwaltung komplexer Arbeitsabl\u00e4ufe<\/li>\n\n\n\n<li>Tipps f\u00fcr eine sichere Skalierung der Zertifizierung<\/li>\n<\/ul>\n<\/div>\n\n\n\n<div class=\"wp-block-column right is-layout-flow wp-block-column-is-layout-flow\"><\/div>\n<\/div>\n<\/div>\n\n        <\/div>\n      <\/div>\n    <\/div>\n  \n  <\/section>\n\n\n\n\n\n<section class=\"module module-text my-module-xs \" id=\"module-69e729dcb5deb\" >       <div class=\"container\">\n      <div class=\"row justify-content-center\">\n        <div class=\"col-md-10 col-lg-8 text-col\">\n          \n<div class=\"wp-block-intact-text text-styles\">\n<h2 class=\"wp-block-heading has-h-2-font-size\">Fakten<\/h2>\n\n\n\n<div class=\"wp-block-columns bulletpoints-wrapper is-layout-flex wp-container-core-columns-is-layout-28f84493 wp-block-columns-is-layout-flex\">\n<div class=\"wp-block-column left is-layout-flow wp-block-column-is-layout-flow\">\n<ul class=\"wp-block-list is-style-bulletpoints\">\n<li>Datum: 30. Juli, 4:00 Uhr MESZ | 7:00 Uhr PDT<\/li>\n\n\n\n<li>Dauer: Eine Stunde<\/li>\n\n\n\n<li>Format: Live-Zoom-Webinar<\/li>\n<\/ul>\n<\/div>\n<\/div>\n\n\n\n<div class=\"wp-block-button\"><a class=\"wp-block-button__link wp-element-button\" href=\"#form\">jetzt anmelden<\/a><\/div>\n<\/div>\n\n        <\/div>\n      <\/div>\n    <\/div>\n  \n  <\/section>\n\n\n\n\n\n<section class=\"module module-form my-module-md \" id=\"form\" >   <div class=\"container\">\n    <div class=\"row justify-content-md-center justify-content-lg-start\">\n      <div class=\"col-md-9 col-lg-4 offset-lg-1 text-col pr-lg-half-col\">\n        <div class=\"headline-wrapper\">\n          <h2 class=\"headline\">\nLive Webinar\n<\/h2>\n                      <span class=\"subline h2\">\nRegister for our Live Webinar Now \n<\/span>\n                  <\/div>\n        <div class=\"text d-none d-lg-block\">\n<p><\/p>\n<\/div>\n      <\/div>\n      <div class=\"col-lg-7 form-col\">\n        <div class=\"row justify-content-center\">\n          <div class=\"col-12 col-md-9 col-lg-10 form\">\n            \n              <div class=\"form-row form-info\">\n                <div class=\"col\">\n                  <span class=\"required-info\">*Erforderlich<\/span>\n                <\/div>\n              <\/div>\n            <\/div>\n          <\/div>\n\n        <\/div>\n        <div class=\"col-md-9 d-lg-none text-col\">\n          <div class=\"text\">\n<p><\/p>\n<\/div>\n        <\/div>\n      <\/div>\n\n    <\/div>\n    <\/section>\n","protected":false},"excerpt":{"rendered":"","protected":false},"author":42,"featured_media":0,"parent":0,"menu_order":0,"comment_status":"closed","ping_status":"closed","template":"","meta":{"_acf_changed":false,"footnotes":""},"class_list":["post-23324","page","type-page","status-publish","hentry"],"acf":[],"_links":{"self":[{"href":"https:\/\/intact-systems.com\/de\/wp-json\/wp\/v2\/pages\/23324","targetHints":{"allow":["GET"]}}],"collection":[{"href":"https:\/\/intact-systems.com\/de\/wp-json\/wp\/v2\/pages"}],"about":[{"href":"https:\/\/intact-systems.com\/de\/wp-json\/wp\/v2\/types\/page"}],"author":[{"embeddable":true,"href":"https:\/\/intact-systems.com\/de\/wp-json\/wp\/v2\/users\/42"}],"replies":[{"embeddable":true,"href":"https:\/\/intact-systems.com\/de\/wp-json\/wp\/v2\/comments?post=23324"}],"version-history":[{"count":1,"href":"https:\/\/intact-systems.com\/de\/wp-json\/wp\/v2\/pages\/23324\/revisions"}],"predecessor-version":[{"id":23326,"href":"https:\/\/intact-systems.com\/de\/wp-json\/wp\/v2\/pages\/23324\/revisions\/23326"}],"wp:attachment":[{"href":"https:\/\/intact-systems.com\/de\/wp-json\/wp\/v2\/media?parent=23324"}],"curies":[{"name":"wp","href":"https:\/\/api.w.org\/{rel}","templated":true}]}}