{"id":23105,"date":"2025-07-08T15:24:51","date_gmt":"2025-07-08T13:24:51","guid":{"rendered":"https:\/\/intact-systems.com\/resources\/the-certification-body-dashboard-whitepaper\/confirmation\/"},"modified":"2025-07-08T15:44:22","modified_gmt":"2025-07-08T13:44:22","slug":"confirmation","status":"publish","type":"page","link":"https:\/\/intact-systems.com\/de\/resources\/the-certification-body-dashboard-whitepaper\/confirmation\/","title":{"rendered":"Confirmation: The Certification Body Dashboard Whitepaper"},"content":{"rendered":"  <header class=\"page-header is-style-light \">\n\t<div class=\"image-row mb-lmd mb-lg-xxl\">\n\t\t<img decoding=\"async\"  srcset=\"https:\/\/intact-systems.com\/wp-content\/uploads\/2025\/07\/2566-49-Intact-CertificationBodyDashboard-Whitepaper-Banner-020725_Website-Banner-1440x400-1-720x200-c-default.jpg 720w, https:\/\/intact-systems.com\/wp-content\/uploads\/2025\/07\/2566-49-Intact-CertificationBodyDashboard-Whitepaper-Banner-020725_Website-Banner-1440x400-1-1440x400-c-default.jpg 1440w, https:\/\/intact-systems.com\/wp-content\/uploads\/2025\/07\/2566-49-Intact-CertificationBodyDashboard-Whitepaper-Banner-020725_Website-Banner-1440x400-1-2880x800-c-default.jpg 2880w, https:\/\/intact-systems.com\/wp-content\/uploads\/2025\/07\/2566-49-Intact-CertificationBodyDashboard-Whitepaper-Banner-020725_Website-Banner-1440x400-1.jpg 3000w\" src=\"data:image\/gif;base64,R0lGODlhAQABAIAAAAAAAP\/\/\/yH5BAEAAAAALAAAAAABAAEAAAIBRAA7\" sizes=\"100vw\" width=\"1440\" height=\"400\" alt=\"\">\n\t<\/div>\n\t<div class=\"container \">\n\t\t<div class=\"row headline-row mb-lmd\">\n\t\t\t<div class=\"col\">\n\t\t\t\t<h1 class=\"line-before\">\n\n<\/h1>\n\t\t\t\t\t\t\t<\/div>\n\t\t<\/div>\n\t\t<div class=\"row justify-content-center text-row\">\n\t\t\t<div class=\"col-lg-8 col-text\">\n\t\t\t\t\n<div class=\"wp-block-intact-post-title text-styles\"><h1>Confirmation: The Certification Body Dashboard Whitepaper<\/h1><\/div>\n\n<p><\/p>\n\n<ul class=\"wp-block-list is-style-bulletpoints\"><\/ul>\n\n\t\t\t<\/div>\n\t\t<\/div>\n\t<\/div>\n<\/header>\n\n\n\n\n\n<section class=\"module module-text my-module-xs \" id=\"module-69d354c522c4a\" >       <div class=\"container\">\n      <div class=\"row justify-content-center\">\n        <div class=\"col-md-10 col-lg-8 text-col\">\n          \n<div class=\"wp-block-intact-text text-styles\">\n<p>Vielen Dank, dass Sie sich die Zeit genommen haben, unser Formular auszuf\u00fcllen. Klicken Sie auf die Schaltfl\u00e4che unten, um unser Whitepaper herunterzuladen und mehr dar\u00fcber zu erfahren, wie Sie messen k\u00f6nnen, worauf es ankommt, damit Sie verwalten k\u00f6nnen, worauf es ankommt.<\/p>\n<\/div>\n\n        <\/div>\n      <\/div>\n    <\/div>\n  \n  <\/section>\n\n\n\n\n\n<section class=\"module module-text my-module-0 \" id=\"module-69d354c523fed\" >       <div class=\"container\">\n      <div class=\"row justify-content-center\">\n        <div class=\"col-md-10 col-lg-8 text-col\">\n          \n<div class=\"wp-block-intact-text text-styles\">\n<div class=\"wp-block-button\"><a class=\"wp-block-button__link wp-element-button\" href=\"https:\/\/info.intact-systems.com\/l\/822323\/2025-07-08\/2lx8kh\/822323\/17519808045yeSV0ZZ\/2566_44_Intact_The_Certification_Body_Dashboard_Whitepaper_080725.pdf\" target=\"_blank\" rel=\"noreferrer noopener\">Whitepaper herunterladenPER<\/a><\/div>\n<\/div>\n\n        <\/div>\n      <\/div>\n    <\/div>\n  \n  <\/section>\n","protected":false},"excerpt":{"rendered":"<p>Vielen Dank, dass Sie sich die Zeit genommen haben, unser Formular auszuf\u00fcllen. Klicken Sie auf die Schaltfl\u00e4che unten, um unser Whitepaper herunterzuladen und mehr dar\u00fcber zu erfahren, wie Sie messen k\u00f6nnen, worauf es ankommt, damit Sie verwalten k\u00f6nnen, worauf es ankommt.<\/p>\n","protected":false},"author":43,"featured_media":0,"parent":23101,"menu_order":0,"comment_status":"closed","ping_status":"closed","template":"","meta":{"_acf_changed":false,"footnotes":""},"class_list":["post-23105","page","type-page","status-publish","hentry"],"acf":[],"_links":{"self":[{"href":"https:\/\/intact-systems.com\/de\/wp-json\/wp\/v2\/pages\/23105","targetHints":{"allow":["GET"]}}],"collection":[{"href":"https:\/\/intact-systems.com\/de\/wp-json\/wp\/v2\/pages"}],"about":[{"href":"https:\/\/intact-systems.com\/de\/wp-json\/wp\/v2\/types\/page"}],"author":[{"embeddable":true,"href":"https:\/\/intact-systems.com\/de\/wp-json\/wp\/v2\/users\/43"}],"replies":[{"embeddable":true,"href":"https:\/\/intact-systems.com\/de\/wp-json\/wp\/v2\/comments?post=23105"}],"version-history":[{"count":1,"href":"https:\/\/intact-systems.com\/de\/wp-json\/wp\/v2\/pages\/23105\/revisions"}],"predecessor-version":[{"id":23106,"href":"https:\/\/intact-systems.com\/de\/wp-json\/wp\/v2\/pages\/23105\/revisions\/23106"}],"up":[{"embeddable":true,"href":"https:\/\/intact-systems.com\/de\/wp-json\/wp\/v2\/pages\/23101"}],"wp:attachment":[{"href":"https:\/\/intact-systems.com\/de\/wp-json\/wp\/v2\/media?parent=23105"}],"curies":[{"name":"wp","href":"https:\/\/api.w.org\/{rel}","templated":true}]}}