{"id":22964,"date":"2025-06-27T14:12:15","date_gmt":"2025-06-27T12:12:15","guid":{"rendered":"https:\/\/intact-systems.com\/audit-complexity-simplified-whitepaper\/confirmation\/"},"modified":"2025-06-30T15:26:38","modified_gmt":"2025-06-30T13:26:38","slug":"confirmation","status":"publish","type":"page","link":"https:\/\/intact-systems.com\/de\/audit-complexity-simplified-whitepaper\/confirmation\/","title":{"rendered":"Confirmation: Audit Complexity, Simplified Whitepaper"},"content":{"rendered":"  <header class=\"page-header is-style-light \">\n\t<div class=\"image-row mb-lmd mb-lg-xxl\">\n\t\t<img decoding=\"async\"  srcset=\"https:\/\/intact-systems.com\/wp-content\/uploads\/2025\/06\/2566-45-Intact-Audi-Complexity-Whitepaper-Banner-270625_Website-Banner-1440x400-1-720x200-c-default.jpg 720w, https:\/\/intact-systems.com\/wp-content\/uploads\/2025\/06\/2566-45-Intact-Audi-Complexity-Whitepaper-Banner-270625_Website-Banner-1440x400-1-1440x400-c-default.jpg 1440w, https:\/\/intact-systems.com\/wp-content\/uploads\/2025\/06\/2566-45-Intact-Audi-Complexity-Whitepaper-Banner-270625_Website-Banner-1440x400-1-2880x800-c-default.jpg 2880w, https:\/\/intact-systems.com\/wp-content\/uploads\/2025\/06\/2566-45-Intact-Audi-Complexity-Whitepaper-Banner-270625_Website-Banner-1440x400-1.jpg 3000w\" src=\"data:image\/gif;base64,R0lGODlhAQABAIAAAAAAAP\/\/\/yH5BAEAAAAALAAAAAABAAEAAAIBRAA7\" sizes=\"100vw\" width=\"1440\" height=\"400\" alt=\"\">\n\t<\/div>\n\t<div class=\"container \">\n\t\t<div class=\"row headline-row mb-lmd\">\n\t\t\t<div class=\"col\">\n\t\t\t\t<h1 class=\"line-before\">\n\n<\/h1>\n\t\t\t\t\t\t\t<\/div>\n\t\t<\/div>\n\t\t<div class=\"row justify-content-center text-row\">\n\t\t\t<div class=\"col-lg-8 col-text\">\n\t\t\t\t\n<div class=\"wp-block-intact-post-title text-styles\"><h1>Confirmation: Audit Complexity Simplified Whitepaper<\/h1><\/div>\n\n<p><br>Vielen Dank, dass Sie sich die Zeit genommen haben, unser Formular auszuf\u00fcllen. Klicken Sie auf die Schaltfl\u00e4che unten, um unser Whitepaper herunterzuladen und mehr \u00fcber die sichere Verwaltung von Programmen mit mehreren Standards und Standorten zu erfahren.<\/p>\n\n<ul class=\"wp-block-list is-style-bulletpoints\"><\/ul>\n\n\t\t\t<\/div>\n\t\t<\/div>\n\t<\/div>\n<\/header>\n\n\n\n\n\n<section class=\"module module-text my-module-0 \" id=\"module-69d395bf51753\" >       <div class=\"container\">\n      <div class=\"row justify-content-center\">\n        <div class=\"col-md-10 col-lg-8 text-col\">\n          \n<div class=\"wp-block-intact-text text-styles\">\n<div class=\"wp-block-button\"><a class=\"wp-block-button__link wp-element-button\" href=\"https:\/\/info.intact-systems.com\/l\/822323\/2025-06-27\/2lvcty\/822323\/1751024378633e8c1s\/2566_43_Intact_AuditComplexitySimplified_Whitepaper_270625.pdf\" target=\"_blank\" rel=\"noreferrer noopener\">Whitepaper herunterladen<\/a><\/div>\n<\/div>\n\n        <\/div>\n      <\/div>\n    <\/div>\n  \n  <\/section>\n","protected":false},"excerpt":{"rendered":"","protected":false},"author":43,"featured_media":0,"parent":22959,"menu_order":0,"comment_status":"closed","ping_status":"closed","template":"","meta":{"_acf_changed":false,"footnotes":""},"class_list":["post-22964","page","type-page","status-publish","hentry"],"acf":[],"_links":{"self":[{"href":"https:\/\/intact-systems.com\/de\/wp-json\/wp\/v2\/pages\/22964","targetHints":{"allow":["GET"]}}],"collection":[{"href":"https:\/\/intact-systems.com\/de\/wp-json\/wp\/v2\/pages"}],"about":[{"href":"https:\/\/intact-systems.com\/de\/wp-json\/wp\/v2\/types\/page"}],"author":[{"embeddable":true,"href":"https:\/\/intact-systems.com\/de\/wp-json\/wp\/v2\/users\/43"}],"replies":[{"embeddable":true,"href":"https:\/\/intact-systems.com\/de\/wp-json\/wp\/v2\/comments?post=22964"}],"version-history":[{"count":2,"href":"https:\/\/intact-systems.com\/de\/wp-json\/wp\/v2\/pages\/22964\/revisions"}],"predecessor-version":[{"id":22966,"href":"https:\/\/intact-systems.com\/de\/wp-json\/wp\/v2\/pages\/22964\/revisions\/22966"}],"up":[{"embeddable":true,"href":"https:\/\/intact-systems.com\/de\/wp-json\/wp\/v2\/pages\/22959"}],"wp:attachment":[{"href":"https:\/\/intact-systems.com\/de\/wp-json\/wp\/v2\/media?parent=22964"}],"curies":[{"name":"wp","href":"https:\/\/api.w.org\/{rel}","templated":true}]}}