{"id":20154,"date":"2025-04-24T10:23:13","date_gmt":"2025-04-24T08:23:13","guid":{"rendered":"https:\/\/intact-systems.com\/?page_id=20154"},"modified":"2026-03-18T16:33:50","modified_gmt":"2026-03-18T15:33:50","slug":"bevorstehende-webinare","status":"publish","type":"page","link":"https:\/\/intact-systems.com\/de\/bevorstehende-webinare\/","title":{"rendered":"Bevorstehende Webinare"},"content":{"rendered":"  <header class=\"page-header is-style-light \">\n\t<div class=\"image-row mb-lmd mb-lg-xxl\">\n\t\t<img decoding=\"async\"  srcset=\"https:\/\/intact-systems.com\/wp-content\/uploads\/2026\/01\/2666-06-Intact-UpcomingWebinars-Banner-270126_Website-Banner-1440x400-1-720x200-c-default.jpg 720w, https:\/\/intact-systems.com\/wp-content\/uploads\/2026\/01\/2666-06-Intact-UpcomingWebinars-Banner-270126_Website-Banner-1440x400-1-1440x400-c-default.jpg 1440w, https:\/\/intact-systems.com\/wp-content\/uploads\/2026\/01\/2666-06-Intact-UpcomingWebinars-Banner-270126_Website-Banner-1440x400-1-2880x800-c-default.jpg 2880w, https:\/\/intact-systems.com\/wp-content\/uploads\/2026\/01\/2666-06-Intact-UpcomingWebinars-Banner-270126_Website-Banner-1440x400-1.jpg 3000w\" src=\"data:image\/gif;base64,R0lGODlhAQABAIAAAAAAAP\/\/\/yH5BAEAAAAALAAAAAABAAEAAAIBRAA7\" sizes=\"100vw\" width=\"1440\" height=\"400\" alt=\"Intact Upcoming Webinars banner\">\n\t<\/div>\n\t<div class=\"container \">\n\t\t<div class=\"row headline-row mb-lmd\">\n\t\t\t<div class=\"col\">\n\t\t\t\t<h1 class=\"line-before\">\n\n<\/h1>\n\t\t\t\t\t\t\t<\/div>\n\t\t<\/div>\n\t\t<div class=\"row justify-content-center text-row\">\n\t\t\t<div class=\"col-lg-8 col-text\">\n\t\t\t\t\n<div class=\"wp-block-intact-post-title text-styles\"><h1><strong>Bevorstehende Webinare<\/strong><\/h1><\/div>\n\n<p>M\u00f6chten Sie mehr \u00fcber unsere Produkte, Funktionen und L\u00f6sungen erfahren? Dann sind Sie hier genau richtig. Hier finden Sie die Links zu unseren kommenden Live-Webinaren mit internen und externen Experten aus der TIC-Branche. Verpassen Sie nicht die Chance dabei zu sein. Registrieren Sie sich jetzt!<\/p>\n\n<ul class=\"wp-block-list is-style-bulletpoints\"><\/ul>\n\n\t\t\t<\/div>\n\t\t<\/div>\n\t<\/div>\n<\/header>\n\n\n\n\n\n<section class=\"module module-text my-module-md \" id=\"module-69dceaf91fad7\" >       <div class=\"container\">\n      <div class=\"row justify-content-center\">\n        <div class=\"col-md-10 col-lg-8 text-col\">\n          \n<div class=\"wp-block-intact-text text-styles\">\n<h2 class=\"wp-block-heading\"><strong>Unsere n\u00e4chsten Live-Webinar<\/strong><\/h2>\n<\/div>\n\n        <\/div>\n      <\/div>\n    <\/div>\n  \n  <\/section>\n\n\n\n\n\n<section class=\"module module-media-text bg-custom-1 text-custom-2 py-module-sm my-module-sm \" id=\"module-69dceaf9238dc\" > \t\t<div class=\"container\">\n\t\t\n<div class=\"wp-block-intact-media-text\">\n<div class=\"wp-block-intact-media-text-text wp-block-intact-media-text__text\">\n<h2 class=\"wp-block-heading\">Meet the Intact Platform Live 21. April 2026<\/h2>\n\n\n\n<p>Nehmen Sie diesen Monat an unserem Webinar \u201eMeet the Intact Platform\u201f teil und erfahren Sie mehr \u00fcber die Intact Platform. Wir helfen Ihnen dabei Ihren Audit Prozess, von der Planung bis zur Rechnungsstellung, effizient und \u00fcbersichlich zu gestalten.<\/p>\n\n\n\n<div class=\"wp-block-button is-style-fill\"><a class=\"wp-block-button__link wp-element-button\" href=\"https:\/\/intact-systems.com\/de\/intact-platform\/meet-the-intact-platform-live\/\">ZUM WEBINAR<\/a><\/div>\n<\/div>\n\n\n\n<div class=\"wp-block-intact-media-text-media wp-block-intact-media-text__media\">\n\n\n<div class=\"module module-image my-module-sm nested \" id=\"module-69dceaf922e35\" > \t\t\t\n<figure class=\"wp-block-image size-large\"><div class=\"image-wrapper\"><img decoding=\"async\"  srcset=\"https:\/\/intact-systems.com\/wp-content\/uploads\/2025\/06\/Meet-the-Intact-Platform-750x0-c-default.png 750w, https:\/\/intact-systems.com\/wp-content\/uploads\/2025\/06\/Meet-the-Intact-Platform-1000x0-c-default.png 1000w, https:\/\/intact-systems.com\/wp-content\/uploads\/2025\/06\/Meet-the-Intact-Platform.png 1200w\" src=\"data:image\/gif;base64,R0lGODlhAQABAIAAAAAAAP\/\/\/yH5BAEAAAAALAAAAAABAAEAAAIBRAA7\" sizes=\"(min-width: 1240px) 1000px, 100vw\" width=\"1000\" height=\"525\" alt=\"\" \/><\/div><\/figure>\n\n\t  <\/div>\n<\/div>\n<\/div>\n\n\t<\/div>\n  <\/section>\n\n\n\n\n\n<section class=\"module module-text my-module-md \" id=\"module-69dceaf9242f0\" >       <div class=\"container\">\n      <div class=\"row justify-content-center\">\n        <div class=\"col-md-10 col-lg-8 text-col\">\n          \n<div class=\"wp-block-intact-text text-styles\">\n<h2 class=\"wp-block-heading\"><strong>On Demand Webinare und andere Materialien<\/strong><\/h2>\n\n\n\n<p>Haben Sie ein Webinar verpasst? Kein Problem. Werfen Sie einen Blick auf unsere Ressourcen, wo Sie nicht nur die On-Demand Versionen unserer Webinare finden, sondern auch andere informative Materialien wie Whitepaper und Factsheets.<\/p>\n\n\n\n<div class=\"wp-block-button\"><a class=\"wp-block-button__link wp-element-button\" href=\"https:\/\/intact-systems.com\/de\/resources\/\">Ressourcen<\/a><\/div>\n<\/div>\n\n        <\/div>\n      <\/div>\n    <\/div>\n  \n  <\/section>\n\n\n\n\n\n<section class=\"module module-text my-module-md \" id=\"module-69dceaf924c54\" >       <div class=\"container\">\n      <div class=\"row justify-content-center\">\n        <div class=\"col-md-10 col-lg-8 text-col\">\n          \n<div class=\"wp-block-intact-text text-styles\">\n<h2 class=\"wp-block-heading\"><\/h2>\n\n\n\n<p><\/p>\n<\/div>\n\n        <\/div>\n      <\/div>\n    <\/div>\n  \n  <\/section>\n","protected":false},"excerpt":{"rendered":"<p>Unsere n\u00e4chsten Live-Webinar<\/p>\n","protected":false},"author":42,"featured_media":0,"parent":0,"menu_order":0,"comment_status":"closed","ping_status":"closed","template":"","meta":{"_acf_changed":false,"footnotes":""},"class_list":["post-20154","page","type-page","status-publish","hentry"],"acf":[],"_links":{"self":[{"href":"https:\/\/intact-systems.com\/de\/wp-json\/wp\/v2\/pages\/20154","targetHints":{"allow":["GET"]}}],"collection":[{"href":"https:\/\/intact-systems.com\/de\/wp-json\/wp\/v2\/pages"}],"about":[{"href":"https:\/\/intact-systems.com\/de\/wp-json\/wp\/v2\/types\/page"}],"author":[{"embeddable":true,"href":"https:\/\/intact-systems.com\/de\/wp-json\/wp\/v2\/users\/42"}],"replies":[{"embeddable":true,"href":"https:\/\/intact-systems.com\/de\/wp-json\/wp\/v2\/comments?post=20154"}],"version-history":[{"count":3,"href":"https:\/\/intact-systems.com\/de\/wp-json\/wp\/v2\/pages\/20154\/revisions"}],"predecessor-version":[{"id":26954,"href":"https:\/\/intact-systems.com\/de\/wp-json\/wp\/v2\/pages\/20154\/revisions\/26954"}],"wp:attachment":[{"href":"https:\/\/intact-systems.com\/de\/wp-json\/wp\/v2\/media?parent=20154"}],"curies":[{"name":"wp","href":"https:\/\/api.w.org\/{rel}","templated":true}]}}