{"id":1875,"date":"2019-10-07T13:32:18","date_gmt":"2019-10-07T11:32:18","guid":{"rendered":"https:\/\/intact-systems.com\/?page_id=1875"},"modified":"2023-12-15T12:09:27","modified_gmt":"2023-12-15T11:09:27","slug":"support","status":"publish","type":"page","link":"https:\/\/intact-systems.com\/de\/support\/","title":{"rendered":"Support"},"content":{"rendered":"  <header class=\"page-header is-style-light \">\n\t<div class=\"image-row mb-lmd mb-lg-xxl\">\n\t\t<img decoding=\"async\"  srcset=\"https:\/\/intact-systems.com\/wp-content\/uploads\/2019\/10\/intact-global-offices-header-1-720x200-c-default.jpg 720w, https:\/\/intact-systems.com\/wp-content\/uploads\/2019\/10\/intact-global-offices-header-1-1440x400-c-default.jpg 1440w, https:\/\/intact-systems.com\/wp-content\/uploads\/2019\/10\/intact-global-offices-header-1-2880x800-c-default.jpg 2880w, https:\/\/intact-systems.com\/wp-content\/uploads\/2019\/10\/intact-global-offices-header-1.jpg 2880w\" src=\"data:image\/gif;base64,R0lGODlhAQABAIAAAAAAAP\/\/\/yH5BAEAAAAALAAAAAABAAEAAAIBRAA7\" sizes=\"100vw\" width=\"1440\" height=\"400\" alt=\"Intacts Niederlassungen - Flugzeug mit Intact-Branding\">\n\t<\/div>\n\t<div class=\"container \">\n\t\t<div class=\"row headline-row mb-lmd\">\n\t\t\t<div class=\"col\">\n\t\t\t\t<h1 class=\"line-before\">\nWir sind f\u00fcr Sie da!\n<\/h1>\n\t\t\t\t\t\t\t<\/div>\n\t\t<\/div>\n\t\t<div class=\"row justify-content-center text-row\">\n\t\t\t<div class=\"col-lg-8 col-text\">\n\t\t\t\t\n<div class=\"wp-block-intact-post-title text-styles\"><h1>Intact Support<\/h1><\/div>\n\n<p>Unser Service endet nicht mit der Implementierung Ihrer Software. Wir unterst\u00fctzen Sie auch weiterhin im t\u00e4glichen Betrieb und bei der kontinuierlichen Weiterentwicklung Ihrer Produkte.<\/p>\n\n<ul class=\"is-style-bulletpoints\"><\/ul>\n\n\t\t\t<\/div>\n\t\t<\/div>\n\t<\/div>\n<\/header>\n\n\n\n\n\n<section class=\"module module-text my-module-md \" id=\"module-69dbbdec64891\" >       <div class=\"container\">\n      <div class=\"row justify-content-center\">\n        <div class=\"col-md-10 col-lg-8 text-col\">\n          \n<div class=\"wp-block-intact-text text-styles\">\n<p>Der Intact Service Desk ist rund um die Uhr f\u00fcr Sie da. Sie k\u00f6nnen uns jederzeit \u00fcber Ihre Bed\u00fcrfnisse und Anliegen informieren oder den Fortschritt Ihrer Anfragen \u00fcberpr\u00fcfen. <a href=\"http:\/\/servicedesk.intact-systems.com\/\" target=\"_blank\" rel=\"noreferrer noopener\">Klicken Sie hier, um sich einzuloggen.<\/a><\/p>\n\n\n\n<div class=\"wp-block-button aligncenter\"><a class=\"wp-block-button__link wp-element-button\" href=\"http:\/\/servicedesk.intact-systems.com\/\">Intact Service Desk<\/a><\/div>\n\n\n\n<p><strong>Das ist Ihre erste Anmeldung?<\/strong> Senden Sie eine Anfrage an <a href=\"mailto:%20support@intact-systems.com\" target=\"_blank\" rel=\"noreferrer noopener\">support@intact-systems.com<\/a>&nbsp;und wir k\u00fcmmern uns darum.<\/p>\n\n\n\n<p>Sie k\u00f6nnen sich auch gerne telefonisch an uns wenden. Unser Team steht Ihnen von Montag bis Freitag zur Verf\u00fcgung und freut sich darauf, Ihnen bei Ihren Anfragen zu helfen.<\/p>\n\n\n\n<p><strong>Intact Support Hotline:<\/strong> +43 3182 52 403 400 <em>(08:00 &#8211; 17:00 CET)<\/em>\r\n<strong>Intact Support Hotline US:<\/strong> +1 (831) 318-0140 <em>(08:00 &#8211; 17:00 PST)<\/em><\/p>\n\n\n\n<h2 class=\"wp-block-heading\">Manchmal brauchen wir eine Pause<\/h2>\n\n\n\n<p>Bitte beachten Sie, dass unsere Supportdienste an den folgenden Feiertagen nicht verf\u00fcgbar sind:<\/p>\n\n\n\n<h3 class=\"wp-block-heading has-dark-color has-text-color\"><em>\u00d6sterreich<\/em><\/h3>\n\n\n\n<ul class=\"wp-block-list\">\n<li>New Year&#8217;s Day<\/li>\n\n\n\n<li>Dreik\u00f6nigstag<\/li>\n\n\n\n<li>Easter Sunday<\/li>\n\n\n\n<li>Easter Monday<\/li>\n\n\n\n<li>Labor Day<\/li>\n\n\n\n<li>Christi Himmelfahrt<\/li>\n\n\n\n<li>Pfingsten<\/li>\n\n\n\n<li>Pfingstmontag<\/li>\n\n\n\n<li>Fronleichnam<\/li>\n\n\n\n<li>Mari\u00e4 Himmelfahrt <\/li>\n\n\n\n<li>\u00d6sterreichischer Nationalfeiertag<\/li>\n\n\n\n<li>Allerheiligen<\/li>\n\n\n\n<li>Mari\u00e4 Empf\u00e4ngnis<\/li>\n\n\n\n<li>Christmas Day<\/li>\n\n\n\n<li>Stefanitag <\/li>\n<\/ul>\n\n\n\n<h3 class=\"wp-block-heading has-dark-color has-text-color\"><em>USA<\/em><\/h3>\n\n\n\n<ul class=\"wp-block-list\">\n<li>New Year&#8217;s Day<\/li>\n\n\n\n<li>Martin Luther King Day<\/li>\n\n\n\n<li>President&#8217;s Day<\/li>\n\n\n\n<li>Memorial Day<\/li>\n\n\n\n<li>Independence Day<\/li>\n\n\n\n<li>Labor Day<\/li>\n\n\n\n<li>Veteran&#8217;s Day<\/li>\n\n\n\n<li>Thanksgiving<\/li>\n\n\n\n<li>Day after Thanksgiving<\/li>\n\n\n\n<li>Christmas (December 24-26)<\/li>\n<\/ul>\n\n\n\n<h3 class=\"wp-block-heading\"><em>Australien<\/em><\/h3>\n\n\n\n<ul class=\"wp-block-list\">\n<li>New Year&#8217;s Day<\/li>\n\n\n\n<li>Australia Day<\/li>\n\n\n\n<li>Good Friday<\/li>\n\n\n\n<li>Easter Saturday<\/li>\n\n\n\n<li>Easter Sunday<\/li>\n\n\n\n<li>Easter Monday<\/li>\n\n\n\n<li>Anzac Day<\/li>\n\n\n\n<li>Labour Day<\/li>\n\n\n\n<li>Queen&#8217;s Birthday<\/li>\n\n\n\n<li>Christmas Day<\/li>\n\n\n\n<li>Boxing Day<\/li>\n<\/ul>\n<\/div>\n\n        <\/div>\n      <\/div>\n    <\/div>\n  \n  <\/section>\n\n\n\n\n\n<section class=\"module module-separator my-module-md \" id=\"module-69dbbdec6516c\" >   <div class=\"container\">\n    <div class=\"row justify-content-center\">\n      <div class=\"col\">\n        \n<hr class=\"wp-block-separator has-css-opacity\"\/>\n\n      <\/div>\n    <\/div>\n  <\/div>\n  <\/section>\n\n\n\n\n\n<section class=\"module module-separator my-module-md \" id=\"module-69dbbdec658ea\" >   <div class=\"container\">\n    <div class=\"row justify-content-center\">\n      <div class=\"col\">\n        \n<hr class=\"wp-block-separator has-css-opacity\"\/>\n\n      <\/div>\n    <\/div>\n  <\/div>\n  <\/section>\n","protected":false},"excerpt":{"rendered":"","protected":false},"author":32,"featured_media":0,"parent":0,"menu_order":0,"comment_status":"closed","ping_status":"closed","template":"","meta":{"_acf_changed":false,"footnotes":""},"class_list":["post-1875","page","type-page","status-publish","hentry"],"acf":[],"_links":{"self":[{"href":"https:\/\/intact-systems.com\/de\/wp-json\/wp\/v2\/pages\/1875","targetHints":{"allow":["GET"]}}],"collection":[{"href":"https:\/\/intact-systems.com\/de\/wp-json\/wp\/v2\/pages"}],"about":[{"href":"https:\/\/intact-systems.com\/de\/wp-json\/wp\/v2\/types\/page"}],"author":[{"embeddable":true,"href":"https:\/\/intact-systems.com\/de\/wp-json\/wp\/v2\/users\/32"}],"replies":[{"embeddable":true,"href":"https:\/\/intact-systems.com\/de\/wp-json\/wp\/v2\/comments?post=1875"}],"version-history":[{"count":3,"href":"https:\/\/intact-systems.com\/de\/wp-json\/wp\/v2\/pages\/1875\/revisions"}],"predecessor-version":[{"id":16068,"href":"https:\/\/intact-systems.com\/de\/wp-json\/wp\/v2\/pages\/1875\/revisions\/16068"}],"wp:attachment":[{"href":"https:\/\/intact-systems.com\/de\/wp-json\/wp\/v2\/media?parent=1875"}],"curies":[{"name":"wp","href":"https:\/\/api.w.org\/{rel}","templated":true}]}}