{"id":18475,"date":"2024-08-26T10:17:45","date_gmt":"2024-08-26T08:17:45","guid":{"rendered":"https:\/\/intact-systems.com\/?page_id=18475"},"modified":"2024-08-26T10:17:46","modified_gmt":"2024-08-26T08:17:46","slug":"data-services","status":"publish","type":"page","link":"https:\/\/intact-systems.com\/de\/loesungen\/data-services\/","title":{"rendered":"Data Services"},"content":{"rendered":"  <header class=\"page-header is-style-light \">\n\t<div class=\"image-row mb-lmd mb-lg-xxl\">\n\t\t<img decoding=\"async\"  srcset=\"https:\/\/intact-systems.com\/wp-content\/uploads\/2024\/08\/Web_banner_DataServices-compressed-720x200-c-default.jpg 720w, https:\/\/intact-systems.com\/wp-content\/uploads\/2024\/08\/Web_banner_DataServices-compressed-1440x400-c-default.jpg 1440w, https:\/\/intact-systems.com\/wp-content\/uploads\/2024\/08\/Web_banner_DataServices-compressed-2880x800-c-default.jpg 2880w, https:\/\/intact-systems.com\/wp-content\/uploads\/2024\/08\/Web_banner_DataServices-compressed.jpg 3000w\" src=\"data:image\/gif;base64,R0lGODlhAQABAIAAAAAAAP\/\/\/yH5BAEAAAAALAAAAAABAAEAAAIBRAA7\" sizes=\"100vw\" width=\"1440\" height=\"400\" alt=\"Data Services\">\n\t<\/div>\n\t<div class=\"container \">\n\t\t<div class=\"row headline-row mb-lmd\">\n\t\t\t<div class=\"col\">\n\t\t\t\t<h1 class=\"line-before\">\n\n<\/h1>\n\t\t\t\t\t\t\t<\/div>\n\t\t<\/div>\n\t\t<div class=\"row justify-content-center text-row\">\n\t\t\t<div class=\"col-lg-8 col-text\">\n\t\t\t\t\n<div class=\"wp-block-intact-post-title text-styles\"><h1>Data Services<\/h1><\/div>\n\n<p><br>Im vielf\u00e4ltigen Daten\u00f6kosystem von Unternehmen werden dieselben Daten oft gleichzeitig in mehreren Systemen ben\u00f6tigt. APIs sorgen daf\u00fcr, dass alle Beteiligten einfach und schnell auf ihre Daten zugreifen k\u00f6nnen.<\/p>\n\n<ul class=\"is-style-bulletpoints\"><\/ul>\n\n\t\t\t<\/div>\n\t\t<\/div>\n\t<\/div>\n<\/header>\n\n\n\n\n\n<section class=\"module module-text my-module-xs \" id=\"module-69d503a251c15\" >       <div class=\"container\">\n      <div class=\"row justify-content-center\">\n        <div class=\"col-md-10 col-lg-8 text-col\">\n          \n<div class=\"wp-block-intact-text text-styles\">\n<p>Die Data Services von Intact erm\u00f6glichen Ihnen den effizienten Zugriff auf Ihre Intact Platform-Daten aus anderen Anwendungen wie Excel, Dashboarding-Tools wie Tableau, PowerBI, Fakturierungstools oder Ihrer Datenplattform.<\/p>\n\n\n\n<p>Da unterschiedliche Anwendungsf\u00e4lle unterschiedliche Ans\u00e4tze erfordern k\u00f6nnen, wurden drei Standardmethoden f\u00fcr den Zugriff und die Bearbeitung Ihrer Daten in der Intact Platform entwickelt.<\/p>\n\n\n\n<p><strong>Intact Data Services \u00dcbersicht:<\/strong><\/p>\n\n\n\n<ul class=\"is-style-bulletpoints wp-block-list\">\n<li>Data Views<\/li>\n\n\n\n<li>APIs<\/li>\n\n\n\n<li>Reporting Database<\/li>\n<\/ul>\n<\/div>\n\n        <\/div>\n      <\/div>\n    <\/div>\n  \n  <\/section>\n\n\n\n\n\n<section class=\"module module-text my-module-xs \" id=\"module-69d503a25298c\" >       <div class=\"container\">\n      <div class=\"row justify-content-center\">\n        <div class=\"col-md-10 col-lg-8 text-col\">\n          \n<div class=\"wp-block-intact-text text-styles\">\n<h2 class=\"wp-block-heading\">Data Views<\/h2>\n\n\n\n<p>Die Verwaltung einer gro\u00dfen Menge von Audit- und Zertifizierungsdaten kann eine gro\u00dfe Herausforderung sein. Wir haben die Data Views entwickelt, um Sie bei der effektiven Organisation und Strukturierung Ihrer Daten zu unterst\u00fctzen.<\/p>\n\n\n\n<p>Data Views bieten umfassende und organisierte Datenpakete mit den erforderlichen Informationen. Unser Ansatz geht \u00fcber ein eigenst\u00e4ndiges Datenmanagement hinaus, indem wir die reibungslose Integration in Ihr bestehendes Daten\u00f6kosystem, wie z. B. Tableau, in den Vordergrund stellen. Dieser Ansatz steigert das Potenzial Ihrer Daten.<\/p>\n\n\n\n<p><strong>Vorteile:<\/strong><\/p>\n\n\n\n<ul class=\"is-style-bulletpoints wp-block-list\">\n<li>Gewinnen Sie tiefgreifende Einblicke<\/li>\n\n\n\n<li>Verwalten Sie Ihre Dashboards<\/li>\n\n\n\n<li>Erstellen Sie leistungsstarke Visualisierungen<\/li>\n\n\n\n<li>Generieren Sie anspruchsvolle Managementberichte<\/li>\n<\/ul>\n\n\n\n<div class=\"wp-block-button\"><a class=\"wp-block-button__link wp-element-button\">LEsen sie Mehr<\/a><\/div>\n<\/div>\n\n        <\/div>\n      <\/div>\n    <\/div>\n  \n  <\/section>\n\n\n\n\n\n<section class=\"module module-text my-module-xs \" id=\"module-69d503a2539ef\" >       <div class=\"container\">\n      <div class=\"row justify-content-center\">\n        <div class=\"col-md-10 col-lg-8 text-col\">\n          \n<div class=\"wp-block-intact-text text-styles\">\n<h2 class=\"wp-block-heading\">APIs<\/h2>\n\n\n\n<p>Im vielf\u00e4ltigen Daten\u00f6kosystem von Unternehmen werden dieselben Daten oft gleichzeitig in mehreren Systemen ben\u00f6tigt. APIs sorgen daf\u00fcr, dass alle Beteiligten einfach und schnell auf ihre Daten zugreifen k\u00f6nnen.<\/p>\n\n\n\n<p>APIs (Application Programming Interfaces) sind die beste L\u00f6sung, um sicherzustellen, dass alle Beteiligten Zugang zu schnellen und vor allem genauen Daten haben. APIs Sie erm\u00f6glichen einen schnellen und automatischen Datenaustausch zwischen zwei Anwendungen und verbessern so die Systemintegration und Effizienz.<\/p>\n\n\n\n<p>Unser Angebot umfasst APIs f\u00fcr:<\/p>\n\n\n\n<ul class=\"is-style-bulletpoints wp-block-list\">\n<li>BRCGS<\/li>\n\n\n\n<li>GLOBALG.A.P.<\/li>\n\n\n\n<li>Organische integrierte Datenbasen<\/li>\n\n\n\n<li>\u00d6ffentliche Verzeichnisse<\/li>\n\n\n\n<li>TRACES<\/li>\n<\/ul>\n\n\n\n<p><strong>Vorteile:<\/strong><\/p>\n\n\n\n<ul class=\"is-style-bulletpoints wp-block-list\">\n<li> Vereinfachung der Arbeitsabl\u00e4ufe<\/li>\n\n\n\n<li>F\u00f6rderung der Echtzeit-Synchronisation<\/li>\n\n\n\n<li>Erweiterung der Funktionalit\u00e4ten<\/li>\n<\/ul>\n<\/div>\n\n        <\/div>\n      <\/div>\n    <\/div>\n  \n  <\/section>\n\n\n\n\n\n<section class=\"module module-text my-module-xs \" id=\"module-69d503a25479c\" >       <div class=\"container\">\n      <div class=\"row justify-content-center\">\n        <div class=\"col-md-10 col-lg-8 text-col\">\n          \n<div class=\"wp-block-intact-text text-styles\">\n<h2 class=\"wp-block-heading\">Echtzeit-Datenzugriff:\u00a0 Reporting Database<\/h2>\n\n\n\n<p>TIC-Unternehmen stehen vor der Herausforderung, die gro\u00dfen Datenmengen, die sie anh\u00e4ufen, zu verwalten. F\u00fcr eine effektive Handhabung und Analyse sind Kenntnisse in Datenmanagement, Entwicklung oder \u00e4hnlichen Bereichen erforderlich.<\/p>\n\n\n\n<p>Die Intact Berichtsdatenbank ist eine spezialisierte Datenbank, die f\u00fcr die Datenanalyse und das Berichtswesen optimiert ist. Dokumentierte Datenschemata rationalisieren die Integration der Berichtsdatenbank in bestehende Data Warehouse-L\u00f6sungen. <\/p>\n\n\n\n<p>Der Zugriff auf die Daten erfolgt \u00fcber vorhandene Business Intelligence (BI)-Tools, Webservices oder andere Analysesoftware zur Erstellung umfassender Berichte.<\/p>\n\n\n\n<p><strong>Vorteile:<\/strong><\/p>\n\n\n\n<ul class=\"is-style-bulletpoints wp-block-list\">\n<li>Einheitliches Datenmodell f\u00fcr verbesserte Leistung<\/li>\n\n\n\n<li>Vollst\u00e4ndige Datentransparenz<\/li>\n\n\n\n<li>Effiziente Organisation und Echtzeit-Berichterstattung<\/li>\n\n\n\n<li>Automatisierte Aufgaben und vorausschauende Analysen<\/li>\n<\/ul>\n\n\n\n<p>M\u00f6chten Sie mehr erfahren?<\/p>\n\n\n\n<div class=\"wp-block-button\"><a class=\"wp-block-button__link wp-element-button\" href=\"mailto:marketing@intact-systems.com\">Kontaktieren sie uns<\/a><\/div>\n<\/div>\n\n        <\/div>\n      <\/div>\n    <\/div>\n  \n  <\/section>\n","protected":false},"excerpt":{"rendered":"","protected":false},"author":38,"featured_media":0,"parent":3309,"menu_order":0,"comment_status":"closed","ping_status":"closed","template":"","meta":{"_acf_changed":false,"footnotes":""},"class_list":["post-18475","page","type-page","status-publish","hentry"],"acf":[],"_links":{"self":[{"href":"https:\/\/intact-systems.com\/de\/wp-json\/wp\/v2\/pages\/18475","targetHints":{"allow":["GET"]}}],"collection":[{"href":"https:\/\/intact-systems.com\/de\/wp-json\/wp\/v2\/pages"}],"about":[{"href":"https:\/\/intact-systems.com\/de\/wp-json\/wp\/v2\/types\/page"}],"author":[{"embeddable":true,"href":"https:\/\/intact-systems.com\/de\/wp-json\/wp\/v2\/users\/38"}],"replies":[{"embeddable":true,"href":"https:\/\/intact-systems.com\/de\/wp-json\/wp\/v2\/comments?post=18475"}],"version-history":[{"count":3,"href":"https:\/\/intact-systems.com\/de\/wp-json\/wp\/v2\/pages\/18475\/revisions"}],"predecessor-version":[{"id":18478,"href":"https:\/\/intact-systems.com\/de\/wp-json\/wp\/v2\/pages\/18475\/revisions\/18478"}],"up":[{"embeddable":true,"href":"https:\/\/intact-systems.com\/de\/wp-json\/wp\/v2\/pages\/3309"}],"wp:attachment":[{"href":"https:\/\/intact-systems.com\/de\/wp-json\/wp\/v2\/media?parent=18475"}],"curies":[{"name":"wp","href":"https:\/\/api.w.org\/{rel}","templated":true}]}}