{"id":16812,"date":"2024-02-08T09:18:07","date_gmt":"2024-02-08T08:18:07","guid":{"rendered":"https:\/\/intact-systems.com\/?page_id=16812"},"modified":"2024-06-11T16:21:13","modified_gmt":"2024-06-11T14:21:13","slug":"intact-summit-2024","status":"publish","type":"page","link":"https:\/\/intact-systems.com\/de\/intact-summit-2024\/","title":{"rendered":"Intact Summit 2024"},"content":{"rendered":"  <header class=\"page-header is-style-light \">\n\t<div class=\"image-row mb-lmd mb-lg-xxl\">\n\t\t<img decoding=\"async\"  srcset=\"https:\/\/intact-systems.com\/wp-content\/uploads\/2023\/10\/Web_Chicago_Summit_2024-min-720x200-c-default.png 720w, https:\/\/intact-systems.com\/wp-content\/uploads\/2023\/10\/Web_Chicago_Summit_2024-min-1440x400-c-default.png 1440w, https:\/\/intact-systems.com\/wp-content\/uploads\/2023\/10\/Web_Chicago_Summit_2024-min.png 1440w\" src=\"data:image\/gif;base64,R0lGODlhAQABAIAAAAAAAP\/\/\/yH5BAEAAAAALAAAAAABAAEAAAIBRAA7\" sizes=\"100vw\" width=\"1440\" height=\"400\" alt=\"Intact Summit 2024 Header\">\n\t<\/div>\n\t<div class=\"container \">\n\t\t<div class=\"row headline-row mb-lmd\">\n\t\t\t<div class=\"col\">\n\t\t\t\t<h1 class=\"line-before\">\n\n<\/h1>\n\t\t\t\t\t\t\t<\/div>\n\t\t<\/div>\n\t\t<div class=\"row justify-content-center text-row\">\n\t\t\t<div class=\"col-lg-8 col-text\">\n\t\t\t\t\n<div class=\"wp-block-intact-post-title text-styles\"><h1>Intact Summit 2024<\/h1><\/div>\n\n<p><strong>Bereit f\u00fcr die n\u00e4chste Runde<\/strong><br><br>Wir sind zur\u00fcck, und wir tun es wieder! Der Intact Summit bereitet sich auf ein weiteres unglaubliches Jahr vor. Tauchen Sie ein in eine dynamische Woche voller spannender Networking-M\u00f6glichkeiten und tiefer Einblicke in die neuesten Funktionen &#8211; alles mit Ihnen und der #intactcommunity. Der diesj\u00e4hrige Summit findet in der pulsierenden Stadt Chicago statt und verspricht, wirklich unvergesslich zu werden. Deshalb haben wir spezielle Aktivit\u00e4ten wie eine &#8222;Dinner River Cruise&#8220; und eine &#8222;Walking\/Running City Tour&#8220; nur f\u00fcr Sie organisiert. Wir k\u00f6nnen es kaum erwarten, Sie dort zu sehen!<\/p>\n\n<ul class=\"is-style-bulletpoints\"><\/ul>\n\n\t\t\t<\/div>\n\t\t<\/div>\n\t<\/div>\n<\/header>\n\n\n\n\n\n<section class=\"module module-text my-module-md \" id=\"module-69e302071ca08\" >       <div class=\"container\">\n      <div class=\"row justify-content-center\">\n        <div class=\"col-md-10 col-lg-8 text-col\">\n          \n<div class=\"wp-block-intact-text text-styles\">\n<h2 class=\"wp-block-heading\">Save the Date!<\/h2>\n\n\n\n<p>In der Woche vom 11. Juni 2024. Das Programm umfasst Aktivit\u00e4ten im Vorfeld des Gipfels, ausf\u00fchrliche Sitzungen zu neuen Funktionen und exklusive Termine f\u00fcr pers\u00f6nliche Gespr\u00e4che.<\/p>\n\n\n\n<ul class=\"is-style-bulletpoints wp-block-list\">\n<li>Vor-Konferenz-Tag: 11. Juni (Thema wird noch bekannt gegeben)<\/li>\n\n\n\n<li>Summit Day 1: 12. Juni<\/li>\n\n\n\n<li>Summit Day  2: 13. Juni<\/li>\n<\/ul>\n<\/div>\n\n        <\/div>\n      <\/div>\n    <\/div>\n  \n  <\/section>\n\n\n\n\n\n<section class=\"module module-text my-module-md \" id=\"module-69e302071d729\" >       <div class=\"container\">\n      <div class=\"row justify-content-center\">\n        <div class=\"col-md-10 col-lg-8 text-col\">\n          \n<div class=\"wp-block-intact-text text-styles\">\n<h2 class=\"wp-block-heading\">Informationen:<\/h2>\n\n\n\n<ul class=\"is-style-bulletpoints wp-block-list\">\n<li><strong>Wo:<\/strong> Chicago, Vereinigte Staaten<\/li>\n\n\n\n<li><strong>Ort:<\/strong> Hilton Chicago Magnificent Mile Suits <\/li>\n\n\n\n<li><strong>Wann:<\/strong> 11.-13. Juni 2024<\/li>\n<\/ul>\n\n\n\n<p>Die Registrierung f\u00fcr den Intact Summit ist jetzt geschlossen. F\u00fcr last-minute Registrationen &#8211; kontaktieren Sie uns.<\/p>\n\n\n\n<div class=\"wp-block-button\"><a class=\"wp-block-button__link wp-element-button\" href=\"mailto:marketing@intact-systems.com\">Kontaktieren Sie uns<\/a><\/div>\n<\/div>\n\n        <\/div>\n      <\/div>\n    <\/div>\n  \n  <\/section>\n","protected":false},"excerpt":{"rendered":"","protected":false},"author":38,"featured_media":0,"parent":0,"menu_order":0,"comment_status":"closed","ping_status":"closed","template":"","meta":{"_acf_changed":false,"footnotes":""},"class_list":["post-16812","page","type-page","status-publish","hentry"],"acf":[],"_links":{"self":[{"href":"https:\/\/intact-systems.com\/de\/wp-json\/wp\/v2\/pages\/16812","targetHints":{"allow":["GET"]}}],"collection":[{"href":"https:\/\/intact-systems.com\/de\/wp-json\/wp\/v2\/pages"}],"about":[{"href":"https:\/\/intact-systems.com\/de\/wp-json\/wp\/v2\/types\/page"}],"author":[{"embeddable":true,"href":"https:\/\/intact-systems.com\/de\/wp-json\/wp\/v2\/users\/38"}],"replies":[{"embeddable":true,"href":"https:\/\/intact-systems.com\/de\/wp-json\/wp\/v2\/comments?post=16812"}],"version-history":[{"count":2,"href":"https:\/\/intact-systems.com\/de\/wp-json\/wp\/v2\/pages\/16812\/revisions"}],"predecessor-version":[{"id":17998,"href":"https:\/\/intact-systems.com\/de\/wp-json\/wp\/v2\/pages\/16812\/revisions\/17998"}],"wp:attachment":[{"href":"https:\/\/intact-systems.com\/de\/wp-json\/wp\/v2\/media?parent=16812"}],"curies":[{"name":"wp","href":"https:\/\/api.w.org\/{rel}","templated":true}]}}