{"id":16727,"date":"2024-02-05T16:18:39","date_gmt":"2024-02-05T15:18:39","guid":{"rendered":"https:\/\/intact-systems.com\/?page_id=16727"},"modified":"2024-02-05T16:18:39","modified_gmt":"2024-02-05T15:18:39","slug":"confirmation","status":"publish","type":"page","link":"https:\/\/intact-systems.com\/de\/loesungen\/confirmation\/","title":{"rendered":"Industrie Report Whitepaper &#8211; confirmation"},"content":{"rendered":"  <header class=\"page-header is-style-default  mb-module-sm\">\n\t<div class=\"container-fluid\">\n\t\t<div class=\"row\">\n\t\t\t<div class=\"col-md-6 order-md-last col-image \">\n\t\t\t\t\t\t\t\t\t<img decoding=\"async\"  srcset=\"https:\/\/intact-systems.com\/wp-content\/uploads\/2024\/01\/LinkedIn_IndustryNews-Banner-min-360x0-c-default.jpg 360w, https:\/\/intact-systems.com\/wp-content\/uploads\/2024\/01\/LinkedIn_IndustryNews-Banner-min-720x0-c-default.jpg 720w, https:\/\/intact-systems.com\/wp-content\/uploads\/2024\/01\/LinkedIn_IndustryNews-Banner-min-1440x0-c-default.jpg 1440w, https:\/\/intact-systems.com\/wp-content\/uploads\/2024\/01\/LinkedIn_IndustryNews-Banner-min.jpg 2500w\" src=\"data:image\/gif;base64,R0lGODlhAQABAIAAAAAAAP\/\/\/yH5BAEAAAAALAAAAAABAAEAAAIBRAA7\" sizes=\"(min-width: 700px) 50vw, 100vw\" width=\"1440\" height=\"756\" alt=\"Industry Report Download\">\n\t\t\t\t\t\t\t<\/div>\n\t\t\t<div class=\"col-md-6 col-text pt-lmd pb-sm pt-md-lg pb-md-lg pt-lg-xl \">\n\t\t\t\t\t\t\t\t\t<div class=\"container-half-md text-container\">\n\t\t\t\t\t\t<div class=\"col-wrapper\">\n\t\t\t\t\t\t\t\n\n<p class=\"is-style-category-subline\"><\/p>\n\n\n\n<div class=\"wp-block-intact-post-title text-styles\"><h1>Industrie Report Whitepaper<\/h1><\/div>\n\n\n\n<p>Vielen Dank, dass Sie sich die Zeit genommen haben, unser Formular auszuf\u00fcllen. Klicken Sie auf den Button unten, um unseren Industrie Report herunterzuladen und mehr \u00fcber TIC-Trends und -M\u00f6glichkeiten zu erfahren.<\/p>\n\n\n\n<div class=\"wp-block-button\"><a class=\"wp-block-button__link wp-element-button\" href=\"https:\/\/go.pardot.com\/l\/822323\/2024-01-25\/2h92zd\/822323\/1706177585FWwAZ7RF\/Industry_Report_Pages_.pdf\">Jetzt Downloaden<\/a><\/div>\n\n\n\t\t\t\t\t\t<\/div>\n\t\t\t\t\t<\/div>\n\t\t\t\t\t\t\t<\/div>\n\t\t<\/div>\n\t<\/div>\n<\/header>\n","protected":false},"excerpt":{"rendered":"","protected":false},"author":38,"featured_media":0,"parent":3309,"menu_order":0,"comment_status":"closed","ping_status":"closed","template":"","meta":{"_acf_changed":false,"footnotes":""},"class_list":["post-16727","page","type-page","status-publish","hentry"],"acf":[],"_links":{"self":[{"href":"https:\/\/intact-systems.com\/de\/wp-json\/wp\/v2\/pages\/16727","targetHints":{"allow":["GET"]}}],"collection":[{"href":"https:\/\/intact-systems.com\/de\/wp-json\/wp\/v2\/pages"}],"about":[{"href":"https:\/\/intact-systems.com\/de\/wp-json\/wp\/v2\/types\/page"}],"author":[{"embeddable":true,"href":"https:\/\/intact-systems.com\/de\/wp-json\/wp\/v2\/users\/38"}],"replies":[{"embeddable":true,"href":"https:\/\/intact-systems.com\/de\/wp-json\/wp\/v2\/comments?post=16727"}],"version-history":[{"count":2,"href":"https:\/\/intact-systems.com\/de\/wp-json\/wp\/v2\/pages\/16727\/revisions"}],"predecessor-version":[{"id":16730,"href":"https:\/\/intact-systems.com\/de\/wp-json\/wp\/v2\/pages\/16727\/revisions\/16730"}],"up":[{"embeddable":true,"href":"https:\/\/intact-systems.com\/de\/wp-json\/wp\/v2\/pages\/3309"}],"wp:attachment":[{"href":"https:\/\/intact-systems.com\/de\/wp-json\/wp\/v2\/media?parent=16727"}],"curies":[{"name":"wp","href":"https:\/\/api.w.org\/{rel}","templated":true}]}}