{"id":1142,"date":"2019-09-26T16:07:07","date_gmt":"2019-09-26T14:07:07","guid":{"rendered":"https:\/\/intact-systems.com\/?page_id=1142"},"modified":"2022-06-14T14:31:09","modified_gmt":"2022-06-14T12:31:09","slug":"impressum","status":"publish","type":"page","link":"https:\/\/intact-systems.com\/de\/impressum\/","title":{"rendered":"Impressum"},"content":{"rendered":"  <header class=\"page-header is-style-default  mb-module-sm\">\n\t<div class=\"container-fluid\">\n\t\t<div class=\"row\">\n\t\t\t<div class=\"col-md-6 order-md-last col-image \">\n\t\t\t\t\t\t\t\t\t<img >\n\t\t\t\t\t\t\t<\/div>\n\t\t\t<div class=\"col-md-6 col-text pt-lmd pb-sm pt-md-lg pb-md-lg pt-lg-xl \">\n\t\t\t\t\t\t\t\t\t<div class=\"container-half-md text-container\">\n\t\t\t\t\t\t<div class=\"col-wrapper\">\n\t\t\t\t\t\t\t\n\n<p class=\"is-style-category-subline\"><\/p>\n\n\n\n<div class=\"wp-block-intact-post-title text-styles\"><h1>Impressum<\/h1><\/div>\n\n\n\t\t\t\t\t\t<\/div>\n\t\t\t\t\t<\/div>\n\t\t\t\t\t\t\t<\/div>\n\t\t<\/div>\n\t<\/div>\n<\/header>\n\n\n\n\n\n<section class=\"module module-text my-module-md \" id=\"module-69d41e62c5593\" >       <div class=\"container\">\n      <div class=\"row justify-content-center\">\n        <div class=\"col-md-10 col-lg-8 text-col\">\n          \n<div class=\"wp-block-intact-text  text-styles\">\n<p class=\"is-style-default\"><strong>Intact GmbH<br><\/strong>Parkring 6<br>8403 Lebring | \u00d6sterreich<br>Tel.: +43 3182 52 403<br>Fax: +43 3182 52 403 33<br>E-Mail:&nbsp;<a href=\"mailto:office@intact-system.com\">office@intact-system.com<\/a><br><strong>UID:<\/strong>&nbsp;ATU53663502<br><strong>FN:<\/strong>&nbsp;218078d, LG als HG Graz<br><strong>DVR-Nr.:<\/strong>&nbsp;4011561 <\/p>\n\n\n\n<p class=\"is-style-default\"><a href=\"https:\/\/firmen.wko.at\/Web\/DetailsKontakt.aspx?FirmaID=3b541a3b-4e25-4bd4-8f94-71b57f7257c7&amp;StandortID=1699&amp;StandortName=Lebring-St.+Margarethen+(Gemeinde)&amp;Suchbegriff=intact&amp;Page=1\">Information lt. E-Commerce Gesetz<\/a>,<br>\u00a725 Mediengesetz und UGB<br><a rel=\"noreferrer noopener\" aria-label=\" Intact AGB \u2013 Allgemeine Gesch\u00e4ftsbedingungen (opens in a new tab)\" href=\"https:\/\/intact-systems.com\/wp-content\/uploads\/2019\/09\/Intact-Business-Terms-and-Conditions.pdf\" target=\"_blank\">Intact AGB \u2013 Allgemeine Gesch\u00e4ftsbedingungen<\/a><\/p>\n\n\n\n<p class=\"is-style-default\"><strong>Unternehmensgegenstand laut Gesellschaftsvertrag<br><\/strong>Entwicklung, Aufbau, Vertrieb, Betreuung und Wartung von Kontroll-, Zertifizierungs- und Managementsystemen insbesondere f\u00fcr zertifizierte Produkte.<\/p>\n\n\n\n<p class=\"is-style-default\">Entwicklung, Aufbau, Vertrieb, Betreuung und Wartung  von Systemen zur Dokumentation, Verfolgung und Sicherung von Rohstoffen und Warenstr\u00f6men.<br>Erbringung von Dienstleistungen in der Datenverarbeitung einschlie\u00dflich Entwicklung von Datenbanken, sowie von EDV-gest\u00fctzten Managementsystemen.<br>Erbringung von Internetdienstleistungen.<\/p>\n\n\n\n<p class=\"is-style-default\"><strong>Grundlegende Ausrichtung<br><\/strong>Wir ver\u00f6ffentlichen Beitr\u00e4ge zu den Themen: Kontrolle und Zertifizierung, R\u00fcckverfolgbarkeit, Qualit\u00e4tssicherung sowie Lebensmittelsicherheit.<\/p>\n\n\n\n<p class=\"is-style-default\"><strong>Gesch\u00e4ftsf\u00fchrer<br><\/strong>Thomas Lorber<\/p>\n<\/div>\n\n        <\/div>\n      <\/div>\n    <\/div>\n  \n  <\/section>\n","protected":false},"excerpt":{"rendered":"<p>Intact GmbHParkring 68403 Lebring | \u00d6sterreichTel.: +43 3182 52 403Fax: +43 3182 52 403 33E-Mail:&nbsp;office@intact-system.comUID:&nbsp;ATU53663502FN:&nbsp;218078d, LG als HG GrazDVR-Nr.:&nbsp;4011561 Information lt. E-Commerce Gesetz,\u00a725 Mediengesetz und UGBIntact AGB \u2013 Allgemeine Gesch\u00e4ftsbedingungen Unternehmensgegenstand laut GesellschaftsvertragEntwicklung, Aufbau, Vertrieb, Betreuung und Wartung von Kontroll-, Zertifizierungs- und Managementsystemen insbesondere f\u00fcr zertifizierte Produkte. Entwicklung, Aufbau, Vertrieb, Betreuung und Wartung von Systemen [&hellip;]<\/p>\n","protected":false},"author":32,"featured_media":0,"parent":0,"menu_order":0,"comment_status":"closed","ping_status":"closed","template":"","meta":{"_acf_changed":false,"footnotes":""},"class_list":["post-1142","page","type-page","status-publish","hentry"],"acf":[],"_links":{"self":[{"href":"https:\/\/intact-systems.com\/de\/wp-json\/wp\/v2\/pages\/1142","targetHints":{"allow":["GET"]}}],"collection":[{"href":"https:\/\/intact-systems.com\/de\/wp-json\/wp\/v2\/pages"}],"about":[{"href":"https:\/\/intact-systems.com\/de\/wp-json\/wp\/v2\/types\/page"}],"author":[{"embeddable":true,"href":"https:\/\/intact-systems.com\/de\/wp-json\/wp\/v2\/users\/32"}],"replies":[{"embeddable":true,"href":"https:\/\/intact-systems.com\/de\/wp-json\/wp\/v2\/comments?post=1142"}],"version-history":[{"count":3,"href":"https:\/\/intact-systems.com\/de\/wp-json\/wp\/v2\/pages\/1142\/revisions"}],"predecessor-version":[{"id":10562,"href":"https:\/\/intact-systems.com\/de\/wp-json\/wp\/v2\/pages\/1142\/revisions\/10562"}],"wp:attachment":[{"href":"https:\/\/intact-systems.com\/de\/wp-json\/wp\/v2\/media?parent=1142"}],"curies":[{"name":"wp","href":"https:\/\/api.w.org\/{rel}","templated":true}]}}