{"id":11385,"date":"2023-03-02T20:48:39","date_gmt":"2023-03-02T19:48:39","guid":{"rendered":"https:\/\/intact-systems.com\/?page_id=11385"},"modified":"2024-12-03T08:24:33","modified_gmt":"2024-12-03T07:24:33","slug":"meet-the-intact-platform-overview","status":"publish","type":"page","link":"https:\/\/intact-systems.com\/de\/intact-platform\/meet-the-intact-platform-overview\/","title":{"rendered":"Meet the Intact Platform \u00dcberblick"},"content":{"rendered":"  <header class=\"page-header is-style-light \">\n\t<div class=\"image-row mb-lmd mb-lg-xxl\">\n\t\t<img decoding=\"async\"  srcset=\"https:\/\/intact-systems.com\/wp-content\/uploads\/2023\/12\/Website_Webinar-Grafik3-min-720x200-c-default.png 720w, https:\/\/intact-systems.com\/wp-content\/uploads\/2023\/12\/Website_Webinar-Grafik3-min-1440x400-c-default.png 1440w, https:\/\/intact-systems.com\/wp-content\/uploads\/2023\/12\/Website_Webinar-Grafik3-min.png 1920w\" src=\"data:image\/gif;base64,R0lGODlhAQABAIAAAAAAAP\/\/\/yH5BAEAAAAALAAAAAABAAEAAAIBRAA7\" sizes=\"100vw\" width=\"1440\" height=\"400\" alt=\"Meet the Intact Platform\">\n\t<\/div>\n\t<div class=\"container \">\n\t\t<div class=\"row headline-row mb-lmd\">\n\t\t\t<div class=\"col\">\n\t\t\t\t<h1 class=\"line-before\">\nMeet the Intact Platform Webinar Reihe\n<\/h1>\n\t\t\t\t\t\t\t<\/div>\n\t\t<\/div>\n\t\t<div class=\"row justify-content-center text-row\">\n\t\t\t<div class=\"col-lg-8 col-text\">\n\t\t\t\t\n<p>Entdecken Sie unsere Webinar-Reihe &#8222;Meet the Intact Platform&#8220;.<\/p>\n\n\t\t\t<\/div>\n\t\t<\/div>\n\t<\/div>\n<\/header>\n\n\n\n\n\n<section class=\"module module-text my-module-md \" id=\"module-69e013866f634\" >       <div class=\"container\">\n      <div class=\"row justify-content-center\">\n        <div class=\"col-md-10 col-lg-8 text-col\">\n          \n<div class=\"wp-block-intact-text text-styles\">\n<h2 class=\"wp-block-heading\">Was ist &#8222;Meet the Intact Platform&#8220;?<\/h2>\n\n\n\n<p>Meet the Intact Platform ist eine monatliche Webinar-Reihe, in der Sie unsere Audit- und Zertifizierungsl\u00f6sung kennenlernen k\u00f6nnen. Diese monatliche Webinar-Reihe bietet Ihnen die M\u00f6glichkeit, gemeinsam mit Mitbegr\u00fcnder, Thomas Lorber, und Intact Platform-Experte, Robbin van Zanten, Hintergrundinformationen \u00fcber Intacts Software sowie eine Live-Demo zu erhalten.<\/p>\n\n\n\n<p>Seien Sie an einem der folgenden Termine live dabei und nutzen Sie die Chance, Fragen zu stellen und vertiefende Einblicke zu erhalten! Wenn Sie es nicht zu einem der Live-Termine schaffen, sehen Sie sich unsere On-Demand-Version des Webinars an und senden Sie uns Ihre Fragen sp\u00e4ter!<\/p>\n<\/div>\n\n        <\/div>\n      <\/div>\n    <\/div>\n  \n  <\/section>\n\n\n\n\n\n<section class=\"module module-text my-module-sm \" id=\"module-69e0138671b04\" >       <div class=\"container\">\n      <div class=\"row justify-content-center\">\n        <div class=\"col-md-10 col-lg-8 text-col\">\n          \n<div class=\"wp-block-intact-text text-styles\">\n<h3 class=\"wp-block-heading\">Letztes Webinar des Jahres<\/h3>\n\n\n\n<ul class=\"wp-block-list is-style-bulletpoints\">\n<li><a href=\"https:\/\/intact-systems.com\/de\/intact-platform\/meet-the-intact-platform-live\/\" data-type=\"link\" data-id=\"https:\/\/intact-systems.com\/de\/intact-platform\/meet-the-intact-platform-live\/\">Dienstag 17. Dezember | 16 MEZ<\/a><\/li>\n<\/ul>\n<\/div>\n\n        <\/div>\n      <\/div>\n    <\/div>\n  \n  <\/section>\n\n\n\n\n\n<section class=\"module module-text my-module-md \" id=\"module-69e013867354f\" >       <div class=\"container\">\n      <div class=\"row justify-content-center\">\n        <div class=\"col-md-10 col-lg-8 text-col\">\n          \n<div class=\"wp-block-intact-text text-styles\">\n<h1 class=\"wp-block-heading\">Live Webinar: Meet the Intact Platform<\/h1>\n\n\n\n<p>Nehmen Sie an unserem &#8222;Meet the Intact Platform&#8220; Webinar mit Thomas Lorber, Mitbegr\u00fcnder und CEO, und Robbin van Zanten, Solutions Manager und Experte f\u00fcr die Intact-Plattform, teil. Erfahren Sie, wie Sie die Intact Plattform nutzen k\u00f6nnen, um Audits von der Planung bis zur Rechnungsstellung effizient durchzuf\u00fchren.<\/p>\n\n\n\n<p><a href=\"https:\/\/intact-systems.com\/de\/intact-platform\/meet-the-intact-platform-live\/\">Jetzt anmelden<\/a> und mehr erfahren \u00fcber:<\/p>\n\n\n\n<ul class=\"wp-block-list is-style-bulletpoints\">\n<li>Die Urspr\u00fcnge der Intact Software<\/li>\n\n\n\n<li>Anwendungsf\u00e4lle und -felder<\/li>\n\n\n\n<li>Use Cases und Bereiche<\/li>\n\n\n\n<li>Workflows innerhalb des Systems<\/li>\n<\/ul>\n\n\n\n<div class=\"wp-block-button\"><a class=\"wp-block-button__link wp-element-button\" href=\"https:\/\/intact-systems.com\/de\/intact-platform\/meet-the-intact-platform-live\/\">Jetzt anmelden<\/a><\/div>\n<\/div>\n\n        <\/div>\n      <\/div>\n    <\/div>\n  \n  <\/section>\n\n\n\n\n\n<section class=\"module module-media-text bg-custom-1 text-custom-2 py-module-sm my-module-sm \" id=\"module-69e013867905f\" > \t\t<div class=\"container\">\n\t\t\n<div class=\"wp-block-intact-media-text\">\n<div class=\"wp-block-intact-media-text-media wp-block-intact-media-text__media\">\n\n\n<div class=\"module module-image my-module-sm nested \" id=\"module-69e0138677dac\" > \t\t\t\n<figure class=\"wp-block-image size-large\"><div class=\"image-wrapper\"><img decoding=\"async\"  srcset=\"https:\/\/intact-systems.com\/wp-content\/uploads\/2024\/11\/LinkedIn-_MeetTheIntactPlatform_Organic_Frank_Robbin_October6-6-min-3-750x0-c-default.jpg 750w, https:\/\/intact-systems.com\/wp-content\/uploads\/2024\/11\/LinkedIn-_MeetTheIntactPlatform_Organic_Frank_Robbin_October6-6-min-3-1000x0-c-default.jpg 1000w, https:\/\/intact-systems.com\/wp-content\/uploads\/2024\/11\/LinkedIn-_MeetTheIntactPlatform_Organic_Frank_Robbin_October6-6-min-3.jpg 1200w\" src=\"data:image\/gif;base64,R0lGODlhAQABAIAAAAAAAP\/\/\/yH5BAEAAAAALAAAAAABAAEAAAIBRAA7\" sizes=\"(min-width: 1240px) 1000px, 100vw\" width=\"1000\" height=\"525\" alt=\"\" \/><\/div><\/figure>\n\n\t  <\/div>\n<\/div>\n\n\n\n<div class=\"wp-block-intact-media-text-text wp-block-intact-media-text__text\">\n<h2 class=\"wp-block-heading\">On Demand Webinar: Meet the Intact Platform &#8211; Organic<\/h2>\n\n\n\n<p>Dieses Webinar richtet sich an Fachleute aus dem Bio-Sektor. Es geht um die besonderen Herausforderungen und Bed\u00fcrfnisse der Branche und warum die Intact Platform die richtige L\u00f6sung f\u00fcr Sie ist. Gewinnen Sie wertvolle Einblicke und erfahren Sie, wie unsere Platform Ihr Betriebs- und Compliance-Management verbessern kann.<\/p>\n\n\n\n<div class=\"wp-block-button is-style-fill\"><a class=\"wp-block-button__link wp-element-button\" href=\"https:\/\/intact-systems.com\/de\/meet-the-intact-platform-organic-live-webinar\/\">Jetzt Registrieren<\/a><\/div>\n<\/div>\n<\/div>\n\n\t<\/div>\n  <\/section>\n\n\n\n\n\n<section class=\"module module-media-text bg-custom-1 text-custom-2 py-module-sm my-module-sm \" id=\"module-69e013867c7fd\" > \t\t<div class=\"container\">\n\t\t\n<div class=\"wp-block-intact-media-text\">\n<div class=\"wp-block-intact-media-text-text wp-block-intact-media-text__text\">\n<h2 class=\"wp-block-heading\">On Demand Webinar: Meet the Intact Platform &#8211; Food Safety Edition<\/h2>\n\n\n\n<p>Wollen Sie wissen wie die Intact Platform ihre Zertifizierung im Bereich Lebensmittelsicherheit revolutionieren kann?<\/p>\n\n\n\n<p>Nehmen Sie an diesem exklusiven Webinar teil, in dem unser Marketing Manager Felix Gschier wertvolle Einblicke in die neuesten Trends und Herausforderungen der Branche geben wird. <br><br>Weiters wird unser Head of Sales, Robbin van Zanten eine Live-Demonstration der wichtigsten Funktionen geben, welche die Intact Plattform zu einem unverzichtbaren Werkzeug machen.<\/p>\n\n\n\n<div class=\"wp-block-button is-style-fill\"><a class=\"wp-block-button__link wp-element-button\" href=\"https:\/\/intact-systems.com\/intact-platform\/meet-the-intact-platform-overview\/food-safety-edition\/\">Jetzt Anmelden<\/a><\/div>\n<\/div>\n\n\n\n<div class=\"wp-block-intact-media-text-media wp-block-intact-media-text__media\">\n\n\n<div class=\"module module-image my-module-sm nested \" id=\"module-69e013867bea0\" > \t\t\t\n<figure class=\"wp-block-image size-large\"><div class=\"image-wrapper\"><img decoding=\"async\"  srcset=\"https:\/\/intact-systems.com\/wp-content\/uploads\/2024\/09\/LinkedIn_Meet-the-Intact-Platform-Food-Safety-Edition-compressed-750x0-c-default.jpg 750w, https:\/\/intact-systems.com\/wp-content\/uploads\/2024\/09\/LinkedIn_Meet-the-Intact-Platform-Food-Safety-Edition-compressed-1000x0-c-default.jpg 1000w, https:\/\/intact-systems.com\/wp-content\/uploads\/2024\/09\/LinkedIn_Meet-the-Intact-Platform-Food-Safety-Edition-compressed-2000x0-c-default.jpg 2000w, https:\/\/intact-systems.com\/wp-content\/uploads\/2024\/09\/LinkedIn_Meet-the-Intact-Platform-Food-Safety-Edition-compressed.jpg 2500w\" src=\"data:image\/gif;base64,R0lGODlhAQABAIAAAAAAAP\/\/\/yH5BAEAAAAALAAAAAABAAEAAAIBRAA7\" sizes=\"(min-width: 1240px) 1000px, 100vw\" width=\"1000\" height=\"525\" alt=\"Small Banner - Food Safety Edition\" \/><\/div><\/figure>\n\n\t  <\/div>\n<\/div>\n<\/div>\n\n\t<\/div>\n  <\/section>\n\n\n\n\n\n<section class=\"module module-text my-module-md \" id=\"module-69e013867d6be\" >       <div class=\"container\">\n      <div class=\"row justify-content-center\">\n        <div class=\"col-md-10 col-lg-8 text-col\">\n          \n<div class=\"wp-block-intact-text text-styles\">\n<h2 class=\"wp-block-heading\">On-Demand Webinar<\/h2>\n\n\n\n<p>Sie k\u00f6nnen nicht an einem der Live-Termine teilnehmen? Kein Problem &#8211; mit unserer On-Demand-Version k\u00f6nnen Sie eine Wiederholung von &#8222;Meet the Intact Platform&#8220; sehen, wann und wo immer Sie sind. Besuchen Sie die On-Demand-Webinar-Seite und sehen Sie sich das Webinar jetzt an! Wir w\u00fcnschen Ihnen viel Spa\u00df und freuen uns darauf, mit Ihnen einen Termin zu vereinbaren, um Ihre Fragen zu beantworten.<\/p>\n\n\n\n<div class=\"wp-block-button is-style-fill\"><a class=\"wp-block-button__link has-red-background-color has-background wp-element-button\" href=\"https:\/\/intact-systems.com\/intact-platform\/meet-the-intact-platform\/\">zum webinar<\/a><\/div>\n<\/div>\n\n        <\/div>\n      <\/div>\n    <\/div>\n  \n  <\/section>\n","protected":false},"excerpt":{"rendered":"<p>Was ist &#8222;Meet the Intact Platform&#8220;? Meet the Intact Platform ist eine monatliche Webinar-Reihe, in der Sie unsere Audit- und Zertifizierungsl\u00f6sung kennenlernen k\u00f6nnen. Diese monatliche Webinar-Reihe bietet Ihnen die M\u00f6glichkeit, gemeinsam mit Mitbegr\u00fcnder, Thomas Lorber, und Intact Platform-Experte, Robbin van Zanten, Hintergrundinformationen \u00fcber Intacts Software sowie eine Live-Demo zu erhalten. Seien Sie an einem der [&hellip;]<\/p>\n","protected":false},"author":35,"featured_media":0,"parent":1318,"menu_order":0,"comment_status":"closed","ping_status":"closed","template":"","meta":{"_acf_changed":false,"footnotes":""},"class_list":["post-11385","page","type-page","status-publish","hentry"],"acf":[],"_links":{"self":[{"href":"https:\/\/intact-systems.com\/de\/wp-json\/wp\/v2\/pages\/11385","targetHints":{"allow":["GET"]}}],"collection":[{"href":"https:\/\/intact-systems.com\/de\/wp-json\/wp\/v2\/pages"}],"about":[{"href":"https:\/\/intact-systems.com\/de\/wp-json\/wp\/v2\/types\/page"}],"author":[{"embeddable":true,"href":"https:\/\/intact-systems.com\/de\/wp-json\/wp\/v2\/users\/35"}],"replies":[{"embeddable":true,"href":"https:\/\/intact-systems.com\/de\/wp-json\/wp\/v2\/comments?post=11385"}],"version-history":[{"count":3,"href":"https:\/\/intact-systems.com\/de\/wp-json\/wp\/v2\/pages\/11385\/revisions"}],"predecessor-version":[{"id":20354,"href":"https:\/\/intact-systems.com\/de\/wp-json\/wp\/v2\/pages\/11385\/revisions\/20354"}],"up":[{"embeddable":true,"href":"https:\/\/intact-systems.com\/de\/wp-json\/wp\/v2\/pages\/1318"}],"wp:attachment":[{"href":"https:\/\/intact-systems.com\/de\/wp-json\/wp\/v2\/media?parent=11385"}],"curies":[{"name":"wp","href":"https:\/\/api.w.org\/{rel}","templated":true}]}}